{"id":849,"date":"2019-05-06T14:53:43","date_gmt":"2019-05-06T12:53:43","guid":{"rendered":"https:\/\/trimet.biz\/?page_id=849"},"modified":"2019-05-16T14:21:17","modified_gmt":"2019-05-16T12:21:17","slug":"lawki-i-stoly-gabionowe-do-ogrodu","status":"publish","type":"page","link":"https:\/\/trimet.pl\/en\/oferta\/gabiony-trimet\/lawki-i-stoly-gabionowe-do-ogrodu\/","title":{"rendered":"Gabion furniture"},"content":{"rendered":"<div data-elementor-type=\"wp-post\" data-elementor-id=\"849\" class=\"elementor elementor-849\" data-elementor-settings=\"[]\">\n\t\t\t\t\t\t<div class=\"elementor-inner\">\n\t\t\t\t\t\t\t<div class=\"elementor-section-wrap\">\n\t\t\t\t\t\t\t<section class=\"elementor-section elementor-top-section elementor-element elementor-element-d8f21ca elementor-section-boxed elementor-section-height-default elementor-section-height-default\" data-id=\"d8f21ca\" data-element_type=\"section\">\n\t\t\t\t\t\t<div class=\"elementor-container elementor-column-gap-wide\">\n\t\t\t\t\t\t\t<div class=\"elementor-row\">\n\t\t\t\t\t<div class=\"aux-parallax-section elementor-column elementor-col-100 elementor-top-column elementor-element elementor-element-9a0c1b6\" data-id=\"9a0c1b6\" data-element_type=\"column\">\n\t\t\t<div class=\"elementor-column-wrap elementor-element-populated\">\n\t\t\t\t\t\t\t<div class=\"elementor-widget-wrap\">\n\t\t\t\t\t\t<div class=\"elementor-element elementor-element-ca54911 elementor-widget elementor-widget-heading\" data-id=\"ca54911\" data-element_type=\"widget\" data-widget_type=\"heading.default\">\n\t\t\t\t<div class=\"elementor-widget-container\">\n\t\t\t<h1 class=\"elementor-heading-title elementor-size-default\">Gabion furniture<\/h1>\t\t<\/div>\n\t\t\t\t<\/div>\n\t\t\t\t<div class=\"elementor-element elementor-element-2c9dc4f elementor-widget-divider--view-line elementor-widget elementor-widget-divider\" data-id=\"2c9dc4f\" data-element_type=\"widget\" data-widget_type=\"divider.default\">\n\t\t\t\t<div class=\"elementor-widget-container\">\n\t\t\t\t\t<div class=\"elementor-divider\">\n\t\t\t<span class=\"elementor-divider-separator\">\n\t\t\t\t\t\t<\/span>\n\t\t<\/div>\n\t\t\t\t<\/div>\n\t\t\t\t<\/div>\n\t\t\t\t<div class=\"elementor-element elementor-element-8b6e2ed elementor-widget elementor-widget-heading\" data-id=\"8b6e2ed\" data-element_type=\"widget\" data-widget_type=\"heading.default\">\n\t\t\t\t<div class=\"elementor-widget-container\">\n\t\t\t<h2 class=\"elementor-heading-title elementor-size-default\">Our benches and tables are gabions produced with welded wire mesh, which is simple, esthetic and durable.<\/h2>\t\t<\/div>\n\t\t\t\t<\/div>\n\t\t\t\t\t\t<\/div>\n\t\t\t\t\t<\/div>\n\t\t<\/div>\n\t\t\t\t<div class=\"aux-parallax-section elementor-column elementor-col-100 elementor-top-column elementor-element elementor-element-ea382c9\" data-id=\"ea382c9\" data-element_type=\"column\">\n\t\t\t<div class=\"elementor-column-wrap\">\n\t\t\t\t\t\t\t<div class=\"elementor-widget-wrap\">\n\t\t\t\t\t\t\t\t<\/div>\n\t\t\t\t\t<\/div>\n\t\t<\/div>\n\t\t\t\t\t\t\t\t<\/div>\n\t\t\t\t\t<\/div>\n\t\t<\/section>\n\t\t\t\t<section class=\"elementor-section elementor-top-section elementor-element elementor-element-c38e84b naglowek elementor-section-stretched elementor-section-boxed elementor-section-height-default elementor-section-height-default\" data-id=\"c38e84b\" data-element_type=\"section\" data-settings=\"{&quot;background_background&quot;:&quot;classic&quot;,&quot;stretch_section&quot;:&quot;section-stretched&quot;}\">\n\t\t\t\t\t\t<div class=\"elementor-container elementor-column-gap-default\">\n\t\t\t\t\t\t\t<div class=\"elementor-row\">\n\t\t\t\t\t<div class=\"aux-parallax-section elementor-column elementor-col-100 elementor-top-column elementor-element elementor-element-c31ecae\" data-id=\"c31ecae\" data-element_type=\"column\">\n\t\t\t<div class=\"elementor-column-wrap elementor-element-populated\">\n\t\t\t\t\t\t\t<div class=\"elementor-widget-wrap\">\n\t\t\t\t\t\t<div class=\"elementor-element elementor-element-a53db2b elementor-widget elementor-widget-image\" data-id=\"a53db2b\" data-element_type=\"widget\" data-widget_type=\"image.default\">\n\t\t\t\t<div class=\"elementor-widget-container\">\n\t\t\t\t\t<div class=\"elementor-image\">\n\t\t\t\t\t\t\t\t\t\t<img src=\"https:\/\/trimet.pl\/wp-content\/uploads\/elementor\/thumbs\/Ulotka-Gabiony-1-o7uqv75s9m1o4l8ydrp31a6zzox9mvi0ip4rclnwws.jpg\" title=\"Ulotka Gabiony\" alt=\"Ulotka Gabiony\" \/>\t\t\t\t\t\t\t\t\t\t\t<\/div>\n\t\t\t\t<\/div>\n\t\t\t\t<\/div>\n\t\t\t\t\t\t<\/div>\n\t\t\t\t\t<\/div>\n\t\t<\/div>\n\t\t\t\t\t\t\t\t<\/div>\n\t\t\t\t\t<\/div>\n\t\t<\/section>\n\t\t\t\t<section class=\"elementor-section elementor-top-section elementor-element elementor-element-0e3f8c3 naglowek elementor-section-stretched elementor-section-boxed elementor-section-height-default elementor-section-height-default\" data-id=\"0e3f8c3\" data-element_type=\"section\" data-settings=\"{&quot;background_background&quot;:&quot;classic&quot;,&quot;stretch_section&quot;:&quot;section-stretched&quot;}\">\n\t\t\t\t\t\t<div class=\"elementor-container elementor-column-gap-default\">\n\t\t\t\t\t\t\t<div class=\"elementor-row\">\n\t\t\t\t\t<div class=\"aux-parallax-section elementor-column elementor-col-33 elementor-top-column elementor-element elementor-element-b2ded95\" data-id=\"b2ded95\" data-element_type=\"column\">\n\t\t\t<div class=\"elementor-column-wrap elementor-element-populated\">\n\t\t\t\t\t\t\t<div class=\"elementor-widget-wrap\">\n\t\t\t\t\t\t<div class=\"elementor-element elementor-element-84bd347 oferta elementor-widget elementor-widget-aux_text\" data-id=\"84bd347\" data-element_type=\"widget\" data-widget_type=\"aux_text.default\">\n\t\t\t\t<div class=\"elementor-widget-container\">\n\t\t\t<section class=\"widget-container aux-widget-text aux-parent-aubd01014b\" style=\"\" >        <div class=\"aux-widget-advanced-text aux-wrap-style-simple aux-ico-pos- aux-text-left aux-text-resp- aux-text-color-dark aux-text-widget-bg-center\" >\n        \n            \n            <div class=\"aux-text-inner aux-text-widget-content\">\n                                <h4 class=\"col-title\"><a href=\"https:\/\/trimet.pl\/en\/oferta\/gabiony-trimet\/lawki-i-stoly-gabionowe-do-ogrodu\/lawki-i-stolki-gabionowe\/\">Gabion stools Kras<\/a><\/h4>\n                                <div class=\"widget-content\">\n                                        <p><a href=\"https:\/\/trimet.pl\/en\/oferta\/gabiony-trimet\/kominki-i-paleniska-gabionowe\/kominek-gabionowy-vesuvius-1\/\">SEE MORE<\/a><\/p>                <\/div>\n                            <\/div>\n        <\/div>\n                    <div class=\"aux-text-widget-footer\">\n                <div class=\"aux-border-shape-none\">\n                                <\/div>\n            <\/div>\n        \n<\/section><!-- widget-container -->\t\t<\/div>\n\t\t\t\t<\/div>\n\t\t\t\t\t\t<\/div>\n\t\t\t\t\t<\/div>\n\t\t<\/div>\n\t\t\t\t<div class=\"aux-parallax-section elementor-column elementor-col-33 elementor-top-column elementor-element elementor-element-6137dea\" data-id=\"6137dea\" data-element_type=\"column\">\n\t\t\t<div class=\"elementor-column-wrap elementor-element-populated\">\n\t\t\t\t\t\t\t<div class=\"elementor-widget-wrap\">\n\t\t\t\t\t\t<div class=\"elementor-element elementor-element-8447f4c oferta elementor-widget elementor-widget-aux_text\" data-id=\"8447f4c\" data-element_type=\"widget\" data-widget_type=\"aux_text.default\">\n\t\t\t\t<div class=\"elementor-widget-container\">\n\t\t\t<section class=\"widget-container aux-widget-text aux-parent-au79498d09\" style=\"\" >        <div class=\"aux-widget-advanced-text aux-wrap-style-simple aux-ico-pos- aux-text-left aux-text-resp- aux-text-color-dark aux-text-widget-bg-center\" >\n        \n            \n            <div class=\"aux-text-inner aux-text-widget-content\">\n                                <h4 class=\"col-title\"><a href=\"https:\/\/trimet.pl\/en\/oferta\/gabiony-trimet\/lawki-i-stoly-gabionowe-do-ogrodu\/stol-gabionowy\/\">Gabion table Dekan<\/a><\/h4>\n                                <div class=\"widget-content\">\n                                        <p><a href=\"https:\/\/trimet.pl\/en\/oferta\/gabiony-trimet\/lawki-i-stoly-gabionowe-do-ogrodu\/stol-gabionowy\/\">SEE MORE<\/a><\/p>                <\/div>\n                            <\/div>\n        <\/div>\n                    <div class=\"aux-text-widget-footer\">\n                <div class=\"aux-border-shape-none\">\n                                <\/div>\n            <\/div>\n        \n<\/section><!-- widget-container -->\t\t<\/div>\n\t\t\t\t<\/div>\n\t\t\t\t\t\t<\/div>\n\t\t\t\t\t<\/div>\n\t\t<\/div>\n\t\t\t\t<div class=\"aux-parallax-section elementor-column elementor-col-33 elementor-top-column elementor-element elementor-element-7c37df3\" data-id=\"7c37df3\" data-element_type=\"column\">\n\t\t\t<div class=\"elementor-column-wrap elementor-element-populated\">\n\t\t\t\t\t\t\t<div class=\"elementor-widget-wrap\">\n\t\t\t\t\t\t<div class=\"elementor-element elementor-element-282c7ee oferta elementor-widget elementor-widget-aux_text\" data-id=\"282c7ee\" data-element_type=\"widget\" data-widget_type=\"aux_text.default\">\n\t\t\t\t<div class=\"elementor-widget-container\">\n\t\t\t<section class=\"widget-container aux-widget-text aux-parent-aub8d93575\" style=\"\" >        <div class=\"aux-widget-advanced-text aux-wrap-style-simple aux-ico-pos- aux-text-left aux-text-resp- aux-text-color-dark aux-text-widget-bg-center\" >\n        \n            \n            <div class=\"aux-text-inner aux-text-widget-content\">\n                                <h4 class=\"col-title\"><a href=\"https:\/\/trimet.pl\/en\/oferta\/gabiony-trimet\/lawki-i-stoly-gabionowe-do-ogrodu\/lawka-tybet\/\">Gabion bench Tybet<\/a><\/h4>\n                                <div class=\"widget-content\">\n                                        <p><a href=\"https:\/\/trimet.pl\/en\/oferta\/gabiony-trimet\/lawki-i-stoly-gabionowe-do-ogrodu\/lawka-tybet\/\">SEE MORE<\/a><\/p>                <\/div>\n                            <\/div>\n        <\/div>\n                    <div class=\"aux-text-widget-footer\">\n                <div class=\"aux-border-shape-none\">\n                                <\/div>\n            <\/div>\n        \n<\/section><!-- widget-container -->\t\t<\/div>\n\t\t\t\t<\/div>\n\t\t\t\t\t\t<\/div>\n\t\t\t\t\t<\/div>\n\t\t<\/div>\n\t\t\t\t\t\t\t\t<\/div>\n\t\t\t\t\t<\/div>\n\t\t<\/section>\n\t\t\t\t\t\t<\/div>\n\t\t\t\t\t\t<\/div>\n\t\t\t\t\t<\/div>","protected":false},"excerpt":{"rendered":"<p>\u0141awki i sto\u0142y gabionowe Nasze \u0142awki i sto\u0142y to gabiony wykonane z siatki zgrzewanej, kt\u00f3ra wyr\u00f3\u017cnia si\u0119 estetyk\u0105 oraz solidno\u015bci\u0105. Sto\u0142ki Gabionowe Kras POKA\u017b OFERT\u0118 St\u00f3\u0142 Gabionowy Dekan POKA\u017b OFERT\u0118 \u0141awka Gabionowa Tybet POKA\u017b OFERT\u0118<\/p>","protected":false},"author":2,"featured_media":0,"parent":761,"menu_order":0,"comment_status":"closed","ping_status":"closed","template":"","meta":[],"yoast_head":"<!-- This site is optimized with the Yoast SEO plugin v15.7 - https:\/\/yoast.com\/wordpress\/plugins\/seo\/ -->\n<title>\u0141awki i sto\u0142y gabionowe do ogrodu - Trimet \/ Waterjet<\/title>\n<meta name=\"robots\" content=\"index, follow, max-snippet:-1, max-image-preview:large, max-video-preview:-1\" \/>\n<link rel=\"canonical\" href=\"https:\/\/trimet.pl\/en\/oferta\/gabiony-trimet\/lawki-i-stoly-gabionowe-do-ogrodu\/\" \/>\n<meta property=\"og:locale\" content=\"en_GB\" \/>\n<meta property=\"og:type\" content=\"article\" \/>\n<meta property=\"og:title\" content=\"\u0141awki i sto\u0142y gabionowe do ogrodu - Trimet \/ Waterjet\" \/>\n<meta property=\"og:description\" content=\"\u0141awki i sto\u0142y gabionowe Nasze \u0142awki i sto\u0142y to gabiony wykonane z siatki zgrzewanej, kt\u00f3ra wyr\u00f3\u017cnia si\u0119 estetyk\u0105 oraz solidno\u015bci\u0105. Sto\u0142ki Gabionowe Kras POKA\u017b OFERT\u0118 St\u00f3\u0142 Gabionowy Dekan POKA\u017b OFERT\u0118 \u0141awka Gabionowa Tybet POKA\u017b OFERT\u0118\" \/>\n<meta property=\"og:url\" content=\"https:\/\/trimet.pl\/en\/oferta\/gabiony-trimet\/lawki-i-stoly-gabionowe-do-ogrodu\/\" \/>\n<meta property=\"og:site_name\" content=\"Trimet \/ Waterjet\" \/>\n<meta property=\"article:modified_time\" content=\"2019-05-16T12:21:17+00:00\" \/>\n<meta property=\"og:image\" content=\"https:\/\/trimet.pl\/wp-content\/uploads\/elementor\/thumbs\/Ulotka-Gabiony-1-o7uqv75s9m1o4l8ydrp31a6zzox9mvi0ip4rclnwws.jpg\" \/>\n<meta name=\"twitter:card\" content=\"summary_large_image\" \/>\n<script type=\"application\/ld+json\" class=\"yoast-schema-graph\">{\"@context\":\"https:\/\/schema.org\",\"@graph\":[{\"@type\":\"WebSite\",\"@id\":\"https:\/\/trimet.pl\/#website\",\"url\":\"https:\/\/trimet.pl\/\",\"name\":\"Trimet \/ Waterjet\",\"description\":\"- ci\\u0119cie wod\\u0105, osprz\\u0119t \\u017ceglarski, gabiony, siatki zgrzewane \/ Radom\",\"potentialAction\":[{\"@type\":\"SearchAction\",\"target\":\"https:\/\/trimet.pl\/?s={search_term_string}\",\"query-input\":\"required name=search_term_string\"}],\"inLanguage\":\"en-GB\"},{\"@type\":\"ImageObject\",\"@id\":\"https:\/\/trimet.pl\/oferta\/gabiony-trimet\/lawki-i-stoly-gabionowe-do-ogrodu\/#primaryimage\",\"inLanguage\":\"en-GB\",\"url\":\"https:\/\/trimet.pl\/wp-content\/uploads\/elementor\/thumbs\/Ulotka-Gabiony-1-o7uqv75s9m1o4l8ydrp31a6zzox9mvi0ip4rclnwws.jpg\"},{\"@type\":\"WebPage\",\"@id\":\"https:\/\/trimet.pl\/oferta\/gabiony-trimet\/lawki-i-stoly-gabionowe-do-ogrodu\/#webpage\",\"url\":\"https:\/\/trimet.pl\/oferta\/gabiony-trimet\/lawki-i-stoly-gabionowe-do-ogrodu\/\",\"name\":\"\\u0141awki i sto\\u0142y gabionowe do ogrodu - Trimet \/ Waterjet\",\"isPartOf\":{\"@id\":\"https:\/\/trimet.pl\/#website\"},\"primaryImageOfPage\":{\"@id\":\"https:\/\/trimet.pl\/oferta\/gabiony-trimet\/lawki-i-stoly-gabionowe-do-ogrodu\/#primaryimage\"},\"datePublished\":\"2019-05-06T12:53:43+00:00\",\"dateModified\":\"2019-05-16T12:21:17+00:00\",\"breadcrumb\":{\"@id\":\"https:\/\/trimet.pl\/oferta\/gabiony-trimet\/lawki-i-stoly-gabionowe-do-ogrodu\/#breadcrumb\"},\"inLanguage\":\"en-GB\",\"potentialAction\":[{\"@type\":\"ReadAction\",\"target\":[\"https:\/\/trimet.pl\/oferta\/gabiony-trimet\/lawki-i-stoly-gabionowe-do-ogrodu\/\"]}]},{\"@type\":\"BreadcrumbList\",\"@id\":\"https:\/\/trimet.pl\/oferta\/gabiony-trimet\/lawki-i-stoly-gabionowe-do-ogrodu\/#breadcrumb\",\"itemListElement\":[{\"@type\":\"ListItem\",\"position\":1,\"item\":{\"@type\":\"WebPage\",\"@id\":\"https:\/\/trimet.pl\/\",\"url\":\"https:\/\/trimet.pl\/\",\"name\":\"Strona g\\u0142\\u00f3wna\"}},{\"@type\":\"ListItem\",\"position\":2,\"item\":{\"@type\":\"WebPage\",\"@id\":\"https:\/\/trimet.pl\/oferta\/\",\"url\":\"https:\/\/trimet.pl\/oferta\/\",\"name\":\"Oferta\"}},{\"@type\":\"ListItem\",\"position\":3,\"item\":{\"@type\":\"WebPage\",\"@id\":\"https:\/\/trimet.pl\/oferta\/gabiony-trimet\/\",\"url\":\"https:\/\/trimet.pl\/oferta\/gabiony-trimet\/\",\"name\":\"Gabiony Trimet\"}},{\"@type\":\"ListItem\",\"position\":4,\"item\":{\"@type\":\"WebPage\",\"@id\":\"https:\/\/trimet.pl\/oferta\/gabiony-trimet\/lawki-i-stoly-gabionowe-do-ogrodu\/\",\"url\":\"https:\/\/trimet.pl\/oferta\/gabiony-trimet\/lawki-i-stoly-gabionowe-do-ogrodu\/\",\"name\":\"\\u0141awki i sto\\u0142y gabionowe do ogrodu\"}}]}]}<\/script>\n<!-- \/ Yoast SEO plugin. -->","_links":{"self":[{"href":"https:\/\/trimet.pl\/en\/wp-json\/wp\/v2\/pages\/849"}],"collection":[{"href":"https:\/\/trimet.pl\/en\/wp-json\/wp\/v2\/pages"}],"about":[{"href":"https:\/\/trimet.pl\/en\/wp-json\/wp\/v2\/types\/page"}],"author":[{"embeddable":true,"href":"https:\/\/trimet.pl\/en\/wp-json\/wp\/v2\/users\/2"}],"replies":[{"embeddable":true,"href":"https:\/\/trimet.pl\/en\/wp-json\/wp\/v2\/comments?post=849"}],"version-history":[{"count":10,"href":"https:\/\/trimet.pl\/en\/wp-json\/wp\/v2\/pages\/849\/revisions"}],"predecessor-version":[{"id":1523,"href":"https:\/\/trimet.pl\/en\/wp-json\/wp\/v2\/pages\/849\/revisions\/1523"}],"up":[{"embeddable":true,"href":"https:\/\/trimet.pl\/en\/wp-json\/wp\/v2\/pages\/761"}],"wp:attachment":[{"href":"https:\/\/trimet.pl\/en\/wp-json\/wp\/v2\/media?parent=849"}],"curies":[{"name":"wp","href":"https:\/\/api.w.org\/{rel}","templated":true}]}}