{"id":847,"date":"2019-05-06T14:53:22","date_gmt":"2019-05-06T12:53:22","guid":{"rendered":"https:\/\/trimet.biz\/?page_id=847"},"modified":"2020-10-01T09:28:34","modified_gmt":"2020-10-01T07:28:34","slug":"kominki-i-paleniska-gabionowe","status":"publish","type":"page","link":"https:\/\/trimet.pl\/en\/oferta\/gabiony-trimet\/kominki-i-paleniska-gabionowe\/","title":{"rendered":"Gabion fireplaces and fire pits"},"content":{"rendered":"<div data-elementor-type=\"wp-post\" data-elementor-id=\"847\" class=\"elementor elementor-847\" data-elementor-settings=\"[]\">\n\t\t\t\t\t\t<div class=\"elementor-inner\">\n\t\t\t\t\t\t\t<div class=\"elementor-section-wrap\">\n\t\t\t\t\t\t\t<section class=\"elementor-section elementor-top-section elementor-element elementor-element-5de1606 elementor-section-boxed elementor-section-height-default elementor-section-height-default\" data-id=\"5de1606\" data-element_type=\"section\">\n\t\t\t\t\t\t<div class=\"elementor-container elementor-column-gap-wide\">\n\t\t\t\t\t\t\t<div class=\"elementor-row\">\n\t\t\t\t\t<div class=\"aux-parallax-section elementor-column elementor-col-100 elementor-top-column elementor-element elementor-element-7b38f60\" data-id=\"7b38f60\" data-element_type=\"column\">\n\t\t\t<div class=\"elementor-column-wrap elementor-element-populated\">\n\t\t\t\t\t\t\t<div class=\"elementor-widget-wrap\">\n\t\t\t\t\t\t<div class=\"elementor-element elementor-element-1db484c elementor-widget elementor-widget-heading\" data-id=\"1db484c\" data-element_type=\"widget\" data-widget_type=\"heading.default\">\n\t\t\t\t<div class=\"elementor-widget-container\">\n\t\t\t<h1 class=\"elementor-heading-title elementor-size-default\">Gabion fireplaces and fire pits<\/h1>\t\t<\/div>\n\t\t\t\t<\/div>\n\t\t\t\t<div class=\"elementor-element elementor-element-a2caa44 elementor-widget-divider--view-line elementor-widget elementor-widget-divider\" data-id=\"a2caa44\" data-element_type=\"widget\" data-widget_type=\"divider.default\">\n\t\t\t\t<div class=\"elementor-widget-container\">\n\t\t\t\t\t<div class=\"elementor-divider\">\n\t\t\t<span class=\"elementor-divider-separator\">\n\t\t\t\t\t\t<\/span>\n\t\t<\/div>\n\t\t\t\t<\/div>\n\t\t\t\t<\/div>\n\t\t\t\t<div class=\"elementor-element elementor-element-f7d0dbd elementor-widget elementor-widget-heading\" data-id=\"f7d0dbd\" data-element_type=\"widget\" data-widget_type=\"heading.default\">\n\t\t\t\t<div class=\"elementor-widget-container\">\n\t\t\t<h2 class=\"elementor-heading-title elementor-size-default\">Our products, fireplaces and fire pits are solid constructions, destined for gardens. Check out our offer.<\/h2>\t\t<\/div>\n\t\t\t\t<\/div>\n\t\t\t\t\t\t<\/div>\n\t\t\t\t\t<\/div>\n\t\t<\/div>\n\t\t\t\t<div class=\"aux-parallax-section elementor-column elementor-col-100 elementor-top-column elementor-element elementor-element-d2296a7\" data-id=\"d2296a7\" data-element_type=\"column\">\n\t\t\t<div class=\"elementor-column-wrap\">\n\t\t\t\t\t\t\t<div class=\"elementor-widget-wrap\">\n\t\t\t\t\t\t\t\t<\/div>\n\t\t\t\t\t<\/div>\n\t\t<\/div>\n\t\t\t\t\t\t\t\t<\/div>\n\t\t\t\t\t<\/div>\n\t\t<\/section>\n\t\t\t\t<section class=\"elementor-section elementor-top-section elementor-element elementor-element-be41ea5 naglowek elementor-section-stretched elementor-section-boxed elementor-section-height-default elementor-section-height-default\" data-id=\"be41ea5\" data-element_type=\"section\" data-settings=\"{&quot;background_background&quot;:&quot;classic&quot;,&quot;stretch_section&quot;:&quot;section-stretched&quot;}\">\n\t\t\t\t\t\t<div class=\"elementor-container elementor-column-gap-default\">\n\t\t\t\t\t\t\t<div class=\"elementor-row\">\n\t\t\t\t\t<div class=\"aux-parallax-section elementor-column elementor-col-33 elementor-top-column elementor-element elementor-element-cfbd1da\" data-id=\"cfbd1da\" data-element_type=\"column\">\n\t\t\t<div class=\"elementor-column-wrap elementor-element-populated\">\n\t\t\t\t\t\t\t<div class=\"elementor-widget-wrap\">\n\t\t\t\t\t\t<div class=\"elementor-element elementor-element-1d26bb7 elementor-widget elementor-widget-image\" data-id=\"1d26bb7\" data-element_type=\"widget\" data-widget_type=\"image.default\">\n\t\t\t\t<div class=\"elementor-widget-container\">\n\t\t\t\t\t<div class=\"elementor-image\">\n\t\t\t\t\t\t\t\t\t\t\t<a href=\"https:\/\/trimet.pl\/en\/oferta\/gabiony-trimet\/kominki-i-paleniska-gabionowe\/nowe-modele-gabionow-2020\/\">\n\t\t\t\t\t\t\t<img width=\"480\" height=\"864\" src=\"https:\/\/trimet.pl\/wp-content\/uploads\/2020\/07\/PALENISKO-kopia.jpg\" class=\"attachment-full size-full\" alt=\"\" loading=\"lazy\" \/>\t\t\t\t\t\t\t\t<\/a>\n\t\t\t\t\t\t\t\t\t\t\t<\/div>\n\t\t\t\t<\/div>\n\t\t\t\t<\/div>\n\t\t\t\t<div class=\"elementor-element elementor-element-29c8fc1 oferta elementor-widget elementor-widget-aux_text\" data-id=\"29c8fc1\" data-element_type=\"widget\" data-widget_type=\"aux_text.default\">\n\t\t\t\t<div class=\"elementor-widget-container\">\n\t\t\t<section class=\"widget-container aux-widget-text aux-parent-au163c4ca0\" style=\"\" >        <div class=\"aux-widget-advanced-text aux-wrap-style-simple aux-ico-pos- aux-text-left aux-text-resp- aux-text-color-dark aux-text-widget-bg-center\" >\n        \n            \n            <div class=\"aux-text-inner aux-text-widget-content\">\n                                <h4 class=\"col-title\"><a href=\"https:\/\/trimet.pl\/en\/oferta\/gabiony-trimet\/kominki-i-paleniska-gabionowe\/nowe-modele-gabionow-2020\/\">Nowe modele gabion\u00f3w 2020<\/a><\/h4>\n                                <div class=\"widget-content\">\n                                        <p><a href=\"https:\/\/trimet.pl\/en\/oferta\/gabiony-trimet\/kominki-i-paleniska-gabionowe\/kominek-gabionowy-vesuvius-2\/\">SEE MORE<\/a><\/p>                <\/div>\n                            <\/div>\n        <\/div>\n                    <div class=\"aux-text-widget-footer\">\n                <div class=\"aux-border-shape-none\">\n                                <\/div>\n            <\/div>\n        \n<\/section><!-- widget-container -->\t\t<\/div>\n\t\t\t\t<\/div>\n\t\t\t\t\t\t<\/div>\n\t\t\t\t\t<\/div>\n\t\t<\/div>\n\t\t\t\t<div class=\"aux-parallax-section elementor-column elementor-col-33 elementor-top-column elementor-element elementor-element-37bb2da\" data-id=\"37bb2da\" data-element_type=\"column\">\n\t\t\t<div class=\"elementor-column-wrap elementor-element-populated\">\n\t\t\t\t\t\t\t<div class=\"elementor-widget-wrap\">\n\t\t\t\t\t\t<div class=\"elementor-element elementor-element-110f68c elementor-widget elementor-widget-image\" data-id=\"110f68c\" data-element_type=\"widget\" data-widget_type=\"image.default\">\n\t\t\t\t<div class=\"elementor-widget-container\">\n\t\t\t\t\t<div class=\"elementor-image\">\n\t\t\t\t\t\t\t\t\t\t\t<a href=\"https:\/\/trimet.pl\/en\/oferta\/gabiony-trimet\/kominki-i-paleniska-gabionowe\/kominek-gabionowy-vesuvius-1\/\">\n\t\t\t\t\t\t\t<img width=\"480\" height=\"864\" src=\"https:\/\/trimet.pl\/wp-content\/uploads\/2019\/05\/PALENISKO-kopia.jpg\" class=\"attachment-full size-full\" alt=\"\" loading=\"lazy\" \/>\t\t\t\t\t\t\t\t<\/a>\n\t\t\t\t\t\t\t\t\t\t\t<\/div>\n\t\t\t\t<\/div>\n\t\t\t\t<\/div>\n\t\t\t\t<div class=\"elementor-element elementor-element-f74d405 oferta elementor-widget elementor-widget-aux_text\" data-id=\"f74d405\" data-element_type=\"widget\" data-widget_type=\"aux_text.default\">\n\t\t\t\t<div class=\"elementor-widget-container\">\n\t\t\t<section class=\"widget-container aux-widget-text aux-parent-au4b305ff9\" style=\"\" >        <div class=\"aux-widget-advanced-text aux-wrap-style-simple aux-ico-pos- aux-text-left aux-text-resp- aux-text-color-dark aux-text-widget-bg-center\" >\n        \n            \n            <div class=\"aux-text-inner aux-text-widget-content\">\n                                <h4 class=\"col-title\"><a href=\"https:\/\/trimet.pl\/en\/oferta\/gabiony-trimet\/kominki-i-paleniska-gabionowe\/kominek-gabionowy-vesuvius-1\/\">Gabion fireplace <br> Vesuvius 1<\/a><\/h4>\n                                <div class=\"widget-content\">\n                                        <p><a href=\"https:\/\/trimet.pl\/en\/oferta\/gabiony-trimet\/kominki-i-paleniska-gabionowe\/kominek-gabionowy-vesuvius-1\/\">SEE MORE<\/a><\/p>                <\/div>\n                            <\/div>\n        <\/div>\n                    <div class=\"aux-text-widget-footer\">\n                <div class=\"aux-border-shape-none\">\n                                <\/div>\n            <\/div>\n        \n<\/section><!-- widget-container -->\t\t<\/div>\n\t\t\t\t<\/div>\n\t\t\t\t\t\t<\/div>\n\t\t\t\t\t<\/div>\n\t\t<\/div>\n\t\t\t\t<div class=\"aux-parallax-section elementor-column elementor-col-33 elementor-top-column elementor-element elementor-element-556a7a9\" data-id=\"556a7a9\" data-element_type=\"column\">\n\t\t\t<div class=\"elementor-column-wrap elementor-element-populated\">\n\t\t\t\t\t\t\t<div class=\"elementor-widget-wrap\">\n\t\t\t\t\t\t<div class=\"elementor-element elementor-element-275525c elementor-widget elementor-widget-image\" data-id=\"275525c\" data-element_type=\"widget\" data-widget_type=\"image.default\">\n\t\t\t\t<div class=\"elementor-widget-container\">\n\t\t\t\t\t<div class=\"elementor-image\">\n\t\t\t\t\t\t\t\t\t\t\t<a href=\"https:\/\/trimet.pl\/en\/oferta\/gabiony-trimet\/kominki-i-paleniska-gabionowe\/kominek-gabionowy-vesuvius-2\/\">\n\t\t\t\t\t\t\t<img width=\"480\" height=\"864\" src=\"https:\/\/trimet.pl\/wp-content\/uploads\/2019\/05\/PALENISKO-kopia-2.jpg\" class=\"attachment-full size-full\" alt=\"\" loading=\"lazy\" \/>\t\t\t\t\t\t\t\t<\/a>\n\t\t\t\t\t\t\t\t\t\t\t<\/div>\n\t\t\t\t<\/div>\n\t\t\t\t<\/div>\n\t\t\t\t<div class=\"elementor-element elementor-element-3b4efe5 oferta elementor-widget elementor-widget-aux_text\" data-id=\"3b4efe5\" data-element_type=\"widget\" data-widget_type=\"aux_text.default\">\n\t\t\t\t<div class=\"elementor-widget-container\">\n\t\t\t<section class=\"widget-container aux-widget-text aux-parent-au9b62f4f9\" style=\"\" >        <div class=\"aux-widget-advanced-text aux-wrap-style-simple aux-ico-pos- aux-text-left aux-text-resp- aux-text-color-dark aux-text-widget-bg-center\" >\n        \n            \n            <div class=\"aux-text-inner aux-text-widget-content\">\n                                <h4 class=\"col-title\"><a href=\"https:\/\/trimet.pl\/en\/oferta\/gabiony-trimet\/kominki-i-paleniska-gabionowe\/kominek-gabionowy-vesuvius-2\/\">Gabion fireplace <br> Vesuvius 2<\/a><\/h4>\n                                <div class=\"widget-content\">\n                                        <p><a href=\"https:\/\/trimet.pl\/en\/oferta\/gabiony-trimet\/kominki-i-paleniska-gabionowe\/kominek-gabionowy-vesuvius-2\/\">SEE MORE<\/a><\/p>                <\/div>\n                            <\/div>\n        <\/div>\n                    <div class=\"aux-text-widget-footer\">\n                <div class=\"aux-border-shape-none\">\n                                <\/div>\n            <\/div>\n        \n<\/section><!-- widget-container -->\t\t<\/div>\n\t\t\t\t<\/div>\n\t\t\t\t\t\t<\/div>\n\t\t\t\t\t<\/div>\n\t\t<\/div>\n\t\t\t\t\t\t\t\t<\/div>\n\t\t\t\t\t<\/div>\n\t\t<\/section>\n\t\t\t\t<section class=\"elementor-section elementor-top-section elementor-element elementor-element-b04342c naglowek elementor-section-stretched elementor-section-boxed elementor-section-height-default elementor-section-height-default\" data-id=\"b04342c\" data-element_type=\"section\" data-settings=\"{&quot;background_background&quot;:&quot;classic&quot;,&quot;stretch_section&quot;:&quot;section-stretched&quot;}\">\n\t\t\t\t\t\t<div class=\"elementor-container elementor-column-gap-default\">\n\t\t\t\t\t\t\t<div class=\"elementor-row\">\n\t\t\t\t\t<div class=\"aux-parallax-section elementor-column elementor-col-33 elementor-top-column elementor-element elementor-element-9f6fc4c\" data-id=\"9f6fc4c\" data-element_type=\"column\">\n\t\t\t<div class=\"elementor-column-wrap elementor-element-populated\">\n\t\t\t\t\t\t\t<div class=\"elementor-widget-wrap\">\n\t\t\t\t\t\t<div class=\"elementor-element elementor-element-d41f1d7 elementor-widget elementor-widget-image\" data-id=\"d41f1d7\" data-element_type=\"widget\" data-widget_type=\"image.default\">\n\t\t\t\t<div class=\"elementor-widget-container\">\n\t\t\t\t\t<div class=\"elementor-image\">\n\t\t\t\t\t\t\t\t\t\t\t<a href=\"https:\/\/trimet.pl\/en\/oferta\/gabiony-trimet\/kominki-i-paleniska-gabionowe\/kominek-gabionowy-hekla\/\">\n\t\t\t\t\t\t\t<img width=\"480\" height=\"864\" src=\"https:\/\/trimet.pl\/wp-content\/uploads\/2019\/05\/HEKLA.jpg\" class=\"attachment-full size-full\" alt=\"\" loading=\"lazy\" \/>\t\t\t\t\t\t\t\t<\/a>\n\t\t\t\t\t\t\t\t\t\t\t<\/div>\n\t\t\t\t<\/div>\n\t\t\t\t<\/div>\n\t\t\t\t<div class=\"elementor-element elementor-element-1d39df3 oferta elementor-widget elementor-widget-aux_text\" data-id=\"1d39df3\" data-element_type=\"widget\" data-widget_type=\"aux_text.default\">\n\t\t\t\t<div class=\"elementor-widget-container\">\n\t\t\t<section class=\"widget-container aux-widget-text aux-parent-au39c087de\" style=\"\" >        <div class=\"aux-widget-advanced-text aux-wrap-style-simple aux-ico-pos- aux-text-left aux-text-resp- aux-text-color-dark aux-text-widget-bg-center\" >\n        \n            \n            <div class=\"aux-text-inner aux-text-widget-content\">\n                                <h4 class=\"col-title\"><a href=\"https:\/\/trimet.pl\/en\/oferta\/gabiony-trimet\/kominki-i-paleniska-gabionowe\/kominek-gabionowy-hekla\/\">Gabion fireplace Hekla<\/a><\/h4>\n                                <div class=\"widget-content\">\n                                        <p><a href=\"https:\/\/trimet.pl\/en\/oferta\/gabiony-trimet\/kominki-i-paleniska-gabionowe\/kominek-gabionowy-etna\/\">SEE MORE<\/a><\/p>                <\/div>\n                            <\/div>\n        <\/div>\n                    <div class=\"aux-text-widget-footer\">\n                <div class=\"aux-border-shape-none\">\n                                <\/div>\n            <\/div>\n        \n<\/section><!-- widget-container -->\t\t<\/div>\n\t\t\t\t<\/div>\n\t\t\t\t\t\t<\/div>\n\t\t\t\t\t<\/div>\n\t\t<\/div>\n\t\t\t\t<div class=\"aux-parallax-section elementor-column elementor-col-33 elementor-top-column elementor-element elementor-element-32d2041\" data-id=\"32d2041\" data-element_type=\"column\">\n\t\t\t<div class=\"elementor-column-wrap elementor-element-populated\">\n\t\t\t\t\t\t\t<div class=\"elementor-widget-wrap\">\n\t\t\t\t\t\t<div class=\"elementor-element elementor-element-f86e8fb elementor-widget elementor-widget-image\" data-id=\"f86e8fb\" data-element_type=\"widget\" data-widget_type=\"image.default\">\n\t\t\t\t<div class=\"elementor-widget-container\">\n\t\t\t\t\t<div class=\"elementor-image\">\n\t\t\t\t\t\t\t\t\t\t\t<a href=\"https:\/\/trimet.pl\/en\/oferta\/gabiony-trimet\/kominki-i-paleniska-gabionowe\/palenisko-gabionowe-vulcano\/\">\n\t\t\t\t\t\t\t<img width=\"480\" height=\"864\" src=\"https:\/\/trimet.pl\/wp-content\/uploads\/2019\/05\/PALENISKO.jpg\" class=\"attachment-full size-full\" alt=\"\" loading=\"lazy\" \/>\t\t\t\t\t\t\t\t<\/a>\n\t\t\t\t\t\t\t\t\t\t\t<\/div>\n\t\t\t\t<\/div>\n\t\t\t\t<\/div>\n\t\t\t\t<div class=\"elementor-element elementor-element-2ccdabc oferta elementor-widget elementor-widget-aux_text\" data-id=\"2ccdabc\" data-element_type=\"widget\" data-widget_type=\"aux_text.default\">\n\t\t\t\t<div class=\"elementor-widget-container\">\n\t\t\t<section class=\"widget-container aux-widget-text aux-parent-au8ae2d721\" style=\"\" >        <div class=\"aux-widget-advanced-text aux-wrap-style-simple aux-ico-pos- aux-text-left aux-text-resp- aux-text-color-dark aux-text-widget-bg-center\" >\n        \n            \n            <div class=\"aux-text-inner aux-text-widget-content\">\n                                <h4 class=\"col-title\"><a href=\"https:\/\/trimet.pl\/en\/oferta\/gabiony-trimet\/kominki-i-paleniska-gabionowe\/palenisko-gabionowe-vulcano\/\">Gabion fire pits Vulcano<\/a><\/h4>\n                                <div class=\"widget-content\">\n                                        <p><a href=\"https:\/\/trimet.pl\/en\/oferta\/gabiony-trimet\/kominki-i-paleniska-gabionowe\/palenisko-gabionowe-vulcano\/\">SEE MORE<\/a><\/p>                <\/div>\n                            <\/div>\n        <\/div>\n                    <div class=\"aux-text-widget-footer\">\n                <div class=\"aux-border-shape-none\">\n                                <\/div>\n            <\/div>\n        \n<\/section><!-- widget-container -->\t\t<\/div>\n\t\t\t\t<\/div>\n\t\t\t\t\t\t<\/div>\n\t\t\t\t\t<\/div>\n\t\t<\/div>\n\t\t\t\t<div class=\"aux-parallax-section elementor-column elementor-col-33 elementor-top-column elementor-element elementor-element-58747f1\" data-id=\"58747f1\" data-element_type=\"column\">\n\t\t\t<div class=\"elementor-column-wrap elementor-element-populated\">\n\t\t\t\t\t\t\t<div class=\"elementor-widget-wrap\">\n\t\t\t\t\t\t<div class=\"elementor-element elementor-element-2b91260 elementor-widget elementor-widget-image\" data-id=\"2b91260\" data-element_type=\"widget\" data-widget_type=\"image.default\">\n\t\t\t\t<div class=\"elementor-widget-container\">\n\t\t\t\t\t<div class=\"elementor-image\">\n\t\t\t\t\t\t\t\t\t\t\t<a href=\"https:\/\/trimet.pl\/en\/oferta\/gabiony-trimet\/kominki-i-paleniska-gabionowe\/kominek-gabionowy-etna\/\">\n\t\t\t\t\t\t\t<img width=\"480\" height=\"864\" src=\"https:\/\/trimet.pl\/wp-content\/uploads\/2019\/05\/Group-5667.jpg\" class=\"attachment-full size-full\" alt=\"\" loading=\"lazy\" \/>\t\t\t\t\t\t\t\t<\/a>\n\t\t\t\t\t\t\t\t\t\t\t<\/div>\n\t\t\t\t<\/div>\n\t\t\t\t<\/div>\n\t\t\t\t<div class=\"elementor-element elementor-element-160e934 oferta elementor-widget elementor-widget-aux_text\" data-id=\"160e934\" data-element_type=\"widget\" data-widget_type=\"aux_text.default\">\n\t\t\t\t<div class=\"elementor-widget-container\">\n\t\t\t<section class=\"widget-container aux-widget-text aux-parent-aua80f2bb4\" style=\"\" >        <div class=\"aux-widget-advanced-text aux-wrap-style-simple aux-ico-pos- aux-text-left aux-text-resp- aux-text-color-dark aux-text-widget-bg-center\" >\n        \n            \n            <div class=\"aux-text-inner aux-text-widget-content\">\n                                <h4 class=\"col-title\"><a href=\"https:\/\/trimet.pl\/en\/oferta\/gabiony-trimet\/kominki-i-paleniska-gabionowe\/kominek-gabionowy-etna\/\">Gabion fireplace Etna<\/a><\/h4>\n                                <div class=\"widget-content\">\n                                        <p><a href=\"https:\/\/trimet.pl\/en\/oferta\/gabiony-trimet\/kominki-i-paleniska-gabionowe\/kominek-gabionowy-etna\/\">SEE MORE<\/a><\/p>                <\/div>\n                            <\/div>\n        <\/div>\n                    <div class=\"aux-text-widget-footer\">\n                <div class=\"aux-border-shape-none\">\n                                <\/div>\n            <\/div>\n        \n<\/section><!-- widget-container -->\t\t<\/div>\n\t\t\t\t<\/div>\n\t\t\t\t\t\t<\/div>\n\t\t\t\t\t<\/div>\n\t\t<\/div>\n\t\t\t\t\t\t\t\t<\/div>\n\t\t\t\t\t<\/div>\n\t\t<\/section>\n\t\t\t\t<section class=\"elementor-section elementor-top-section elementor-element elementor-element-2f86ad0 naglowek elementor-section-stretched elementor-section-full_width elementor-section-height-default elementor-section-height-default\" data-id=\"2f86ad0\" data-element_type=\"section\" data-settings=\"{&quot;background_background&quot;:&quot;classic&quot;,&quot;stretch_section&quot;:&quot;section-stretched&quot;}\">\n\t\t\t\t\t\t<div class=\"elementor-container elementor-column-gap-default\">\n\t\t\t\t\t\t\t<div class=\"elementor-row\">\n\t\t\t\t\t<div class=\"aux-parallax-section elementor-column elementor-col-100 elementor-top-column elementor-element elementor-element-a7b9c6a\" data-id=\"a7b9c6a\" data-element_type=\"column\">\n\t\t\t<div class=\"elementor-column-wrap elementor-element-populated\">\n\t\t\t\t\t\t\t<div class=\"elementor-widget-wrap\">\n\t\t\t\t\t\t<div class=\"elementor-element elementor-element-a723245 elementor-widget elementor-widget-image\" data-id=\"a723245\" data-element_type=\"widget\" data-widget_type=\"image.default\">\n\t\t\t\t<div class=\"elementor-widget-container\">\n\t\t\t\t\t<div class=\"elementor-image\">\n\t\t\t\t\t\t\t\t\t\t<img width=\"1920\" height=\"1248\" src=\"https:\/\/trimet.pl\/wp-content\/uploads\/2019\/05\/wodospad-4.jpg\" class=\"attachment-full size-full\" alt=\"Palenisko Trimet\" loading=\"lazy\" \/>\t\t\t\t\t\t\t\t\t\t\t<\/div>\n\t\t\t\t<\/div>\n\t\t\t\t<\/div>\n\t\t\t\t\t\t<\/div>\n\t\t\t\t\t<\/div>\n\t\t<\/div>\n\t\t\t\t\t\t\t\t<\/div>\n\t\t\t\t\t<\/div>\n\t\t<\/section>\n\t\t\t\t\t\t<\/div>\n\t\t\t\t\t\t<\/div>\n\t\t\t\t\t<\/div>","protected":false},"excerpt":{"rendered":"<p>Kominki i paleniska gabionowe Nasze produkty, czyli kominki i paleniska w stylu gabion\u00f3w to solidne konstrukcje przeznaczone do ogrod\u00f3w. Sprawd\u017a nasze produkty. Nowe modele gabion\u00f3w 2020 POKA\u017b OFERT\u0118 Kominek Gabionowy Vesuvius 1 POKA\u017b OFERT\u0118 Kominek Gabionowy Vesuvius 2 POKA\u017b OFERT\u0118 Kominek Gabionowy Hekla POKA\u017b OFERT\u0118 Palenisko Gabionowe Vulcano POKA\u017b OFERT\u0118 Kominek Gabionowy Etna POKA\u017b OFERT\u0118<\/p>","protected":false},"author":2,"featured_media":0,"parent":761,"menu_order":0,"comment_status":"closed","ping_status":"closed","template":"","meta":[],"yoast_head":"<!-- This site is optimized with the Yoast SEO plugin v15.7 - https:\/\/yoast.com\/wordpress\/plugins\/seo\/ -->\n<title>Kominki i Paleniska Gabionowe - Trimet \/ Waterjet<\/title>\n<meta name=\"robots\" content=\"index, follow, max-snippet:-1, max-image-preview:large, max-video-preview:-1\" \/>\n<link rel=\"canonical\" href=\"https:\/\/trimet.pl\/en\/oferta\/gabiony-trimet\/kominki-i-paleniska-gabionowe\/\" \/>\n<meta property=\"og:locale\" content=\"en_GB\" \/>\n<meta property=\"og:type\" content=\"article\" \/>\n<meta property=\"og:title\" content=\"Kominki i Paleniska Gabionowe - Trimet \/ Waterjet\" \/>\n<meta property=\"og:description\" content=\"Kominki i paleniska gabionowe Nasze produkty, czyli kominki i paleniska w stylu gabion\u00f3w to solidne konstrukcje przeznaczone do ogrod\u00f3w. Sprawd\u017a nasze produkty. Nowe modele gabion\u00f3w 2020 POKA\u017b OFERT\u0118 Kominek Gabionowy Vesuvius 1 POKA\u017b OFERT\u0118 Kominek Gabionowy Vesuvius 2 POKA\u017b OFERT\u0118 Kominek Gabionowy Hekla POKA\u017b OFERT\u0118 Palenisko Gabionowe Vulcano POKA\u017b OFERT\u0118 Kominek Gabionowy Etna POKA\u017b OFERT\u0118\" \/>\n<meta property=\"og:url\" content=\"https:\/\/trimet.pl\/en\/oferta\/gabiony-trimet\/kominki-i-paleniska-gabionowe\/\" \/>\n<meta property=\"og:site_name\" content=\"Trimet \/ Waterjet\" \/>\n<meta property=\"article:modified_time\" content=\"2020-10-01T07:28:34+00:00\" \/>\n<meta property=\"og:image\" content=\"https:\/\/trimet.pl\/wp-content\/uploads\/2020\/07\/PALENISKO-kopia.jpg\" \/>\n<meta name=\"twitter:card\" content=\"summary_large_image\" \/>\n<script type=\"application\/ld+json\" class=\"yoast-schema-graph\">{\"@context\":\"https:\/\/schema.org\",\"@graph\":[{\"@type\":\"WebSite\",\"@id\":\"https:\/\/trimet.pl\/#website\",\"url\":\"https:\/\/trimet.pl\/\",\"name\":\"Trimet \/ Waterjet\",\"description\":\"- ci\\u0119cie wod\\u0105, osprz\\u0119t \\u017ceglarski, gabiony, siatki zgrzewane \/ Radom\",\"potentialAction\":[{\"@type\":\"SearchAction\",\"target\":\"https:\/\/trimet.pl\/?s={search_term_string}\",\"query-input\":\"required name=search_term_string\"}],\"inLanguage\":\"en-GB\"},{\"@type\":\"ImageObject\",\"@id\":\"https:\/\/trimet.pl\/oferta\/gabiony-trimet\/kominki-i-paleniska-gabionowe\/#primaryimage\",\"inLanguage\":\"en-GB\",\"url\":\"https:\/\/trimet.pl\/wp-content\/uploads\/2020\/07\/PALENISKO-kopia.jpg\",\"width\":480,\"height\":864},{\"@type\":\"WebPage\",\"@id\":\"https:\/\/trimet.pl\/oferta\/gabiony-trimet\/kominki-i-paleniska-gabionowe\/#webpage\",\"url\":\"https:\/\/trimet.pl\/oferta\/gabiony-trimet\/kominki-i-paleniska-gabionowe\/\",\"name\":\"Kominki i Paleniska Gabionowe - Trimet \/ Waterjet\",\"isPartOf\":{\"@id\":\"https:\/\/trimet.pl\/#website\"},\"primaryImageOfPage\":{\"@id\":\"https:\/\/trimet.pl\/oferta\/gabiony-trimet\/kominki-i-paleniska-gabionowe\/#primaryimage\"},\"datePublished\":\"2019-05-06T12:53:22+00:00\",\"dateModified\":\"2020-10-01T07:28:34+00:00\",\"breadcrumb\":{\"@id\":\"https:\/\/trimet.pl\/oferta\/gabiony-trimet\/kominki-i-paleniska-gabionowe\/#breadcrumb\"},\"inLanguage\":\"en-GB\",\"potentialAction\":[{\"@type\":\"ReadAction\",\"target\":[\"https:\/\/trimet.pl\/oferta\/gabiony-trimet\/kominki-i-paleniska-gabionowe\/\"]}]},{\"@type\":\"BreadcrumbList\",\"@id\":\"https:\/\/trimet.pl\/oferta\/gabiony-trimet\/kominki-i-paleniska-gabionowe\/#breadcrumb\",\"itemListElement\":[{\"@type\":\"ListItem\",\"position\":1,\"item\":{\"@type\":\"WebPage\",\"@id\":\"https:\/\/trimet.pl\/\",\"url\":\"https:\/\/trimet.pl\/\",\"name\":\"Strona g\\u0142\\u00f3wna\"}},{\"@type\":\"ListItem\",\"position\":2,\"item\":{\"@type\":\"WebPage\",\"@id\":\"https:\/\/trimet.pl\/oferta\/\",\"url\":\"https:\/\/trimet.pl\/oferta\/\",\"name\":\"Oferta\"}},{\"@type\":\"ListItem\",\"position\":3,\"item\":{\"@type\":\"WebPage\",\"@id\":\"https:\/\/trimet.pl\/oferta\/gabiony-trimet\/\",\"url\":\"https:\/\/trimet.pl\/oferta\/gabiony-trimet\/\",\"name\":\"Gabiony Trimet\"}},{\"@type\":\"ListItem\",\"position\":4,\"item\":{\"@type\":\"WebPage\",\"@id\":\"https:\/\/trimet.pl\/oferta\/gabiony-trimet\/kominki-i-paleniska-gabionowe\/\",\"url\":\"https:\/\/trimet.pl\/oferta\/gabiony-trimet\/kominki-i-paleniska-gabionowe\/\",\"name\":\"Kominki i Paleniska Gabionowe\"}}]}]}<\/script>\n<!-- \/ Yoast SEO plugin. -->","_links":{"self":[{"href":"https:\/\/trimet.pl\/en\/wp-json\/wp\/v2\/pages\/847"}],"collection":[{"href":"https:\/\/trimet.pl\/en\/wp-json\/wp\/v2\/pages"}],"about":[{"href":"https:\/\/trimet.pl\/en\/wp-json\/wp\/v2\/types\/page"}],"author":[{"embeddable":true,"href":"https:\/\/trimet.pl\/en\/wp-json\/wp\/v2\/users\/2"}],"replies":[{"embeddable":true,"href":"https:\/\/trimet.pl\/en\/wp-json\/wp\/v2\/comments?post=847"}],"version-history":[{"count":18,"href":"https:\/\/trimet.pl\/en\/wp-json\/wp\/v2\/pages\/847\/revisions"}],"predecessor-version":[{"id":1860,"href":"https:\/\/trimet.pl\/en\/wp-json\/wp\/v2\/pages\/847\/revisions\/1860"}],"up":[{"embeddable":true,"href":"https:\/\/trimet.pl\/en\/wp-json\/wp\/v2\/pages\/761"}],"wp:attachment":[{"href":"https:\/\/trimet.pl\/en\/wp-json\/wp\/v2\/media?parent=847"}],"curies":[{"name":"wp","href":"https:\/\/api.w.org\/{rel}","templated":true}]}}