{"id":845,"date":"2019-05-06T14:53:02","date_gmt":"2019-05-06T12:53:02","guid":{"rendered":"https:\/\/trimet.biz\/?page_id=845"},"modified":"2019-05-16T14:18:59","modified_gmt":"2019-05-16T12:18:59","slug":"wodospady-gabionowe-do-ogrodu","status":"publish","type":"page","link":"https:\/\/trimet.pl\/en\/oferta\/gabiony-trimet\/wodospady-gabionowe-do-ogrodu\/","title":{"rendered":"Gabion waterfalls"},"content":{"rendered":"<div data-elementor-type=\"wp-post\" data-elementor-id=\"845\" class=\"elementor elementor-845\" data-elementor-settings=\"[]\">\n\t\t\t\t\t\t<div class=\"elementor-inner\">\n\t\t\t\t\t\t\t<div class=\"elementor-section-wrap\">\n\t\t\t\t\t\t\t<section class=\"elementor-section elementor-top-section elementor-element elementor-element-4053460 elementor-section-boxed elementor-section-height-default elementor-section-height-default\" data-id=\"4053460\" data-element_type=\"section\">\n\t\t\t\t\t\t<div class=\"elementor-container elementor-column-gap-wide\">\n\t\t\t\t\t\t\t<div class=\"elementor-row\">\n\t\t\t\t\t<div class=\"aux-parallax-section elementor-column elementor-col-100 elementor-top-column elementor-element elementor-element-de18203\" data-id=\"de18203\" data-element_type=\"column\">\n\t\t\t<div class=\"elementor-column-wrap elementor-element-populated\">\n\t\t\t\t\t\t\t<div class=\"elementor-widget-wrap\">\n\t\t\t\t\t\t<div class=\"elementor-element elementor-element-4219d7f elementor-widget elementor-widget-heading\" data-id=\"4219d7f\" data-element_type=\"widget\" data-widget_type=\"heading.default\">\n\t\t\t\t<div class=\"elementor-widget-container\">\n\t\t\t<h1 class=\"elementor-heading-title elementor-size-default\">Gabion waterfalls<\/h1>\t\t<\/div>\n\t\t\t\t<\/div>\n\t\t\t\t<div class=\"elementor-element elementor-element-0ef24cd elementor-widget-divider--view-line elementor-widget elementor-widget-divider\" data-id=\"0ef24cd\" data-element_type=\"widget\" data-widget_type=\"divider.default\">\n\t\t\t\t<div class=\"elementor-widget-container\">\n\t\t\t\t\t<div class=\"elementor-divider\">\n\t\t\t<span class=\"elementor-divider-separator\">\n\t\t\t\t\t\t<\/span>\n\t\t<\/div>\n\t\t\t\t<\/div>\n\t\t\t\t<\/div>\n\t\t\t\t<div class=\"elementor-element elementor-element-70996ca elementor-widget elementor-widget-heading\" data-id=\"70996ca\" data-element_type=\"widget\" data-widget_type=\"heading.default\">\n\t\t\t\t<div class=\"elementor-widget-container\">\n\t\t\t<h2 class=\"elementor-heading-title elementor-size-default\">We produce gabion waterfalls for modern gardens. We offer premium quality products to satisfy our customers.<\/h2>\t\t<\/div>\n\t\t\t\t<\/div>\n\t\t\t\t\t\t<\/div>\n\t\t\t\t\t<\/div>\n\t\t<\/div>\n\t\t\t\t<div class=\"aux-parallax-section elementor-column elementor-col-100 elementor-top-column elementor-element elementor-element-99960d5\" data-id=\"99960d5\" data-element_type=\"column\">\n\t\t\t<div class=\"elementor-column-wrap\">\n\t\t\t\t\t\t\t<div class=\"elementor-widget-wrap\">\n\t\t\t\t\t\t\t\t<\/div>\n\t\t\t\t\t<\/div>\n\t\t<\/div>\n\t\t\t\t\t\t\t\t<\/div>\n\t\t\t\t\t<\/div>\n\t\t<\/section>\n\t\t\t\t<section class=\"elementor-section elementor-top-section elementor-element elementor-element-357d7a8 naglowek elementor-section-stretched elementor-section-boxed elementor-section-height-default elementor-section-height-default\" data-id=\"357d7a8\" data-element_type=\"section\" data-settings=\"{&quot;background_background&quot;:&quot;classic&quot;,&quot;stretch_section&quot;:&quot;section-stretched&quot;}\">\n\t\t\t\t\t\t<div class=\"elementor-container elementor-column-gap-default\">\n\t\t\t\t\t\t\t<div class=\"elementor-row\">\n\t\t\t\t\t<div class=\"aux-parallax-section elementor-column elementor-col-33 elementor-top-column elementor-element elementor-element-2c87dd8\" data-id=\"2c87dd8\" data-element_type=\"column\">\n\t\t\t<div class=\"elementor-column-wrap elementor-element-populated\">\n\t\t\t\t\t\t\t<div class=\"elementor-widget-wrap\">\n\t\t\t\t\t\t<div class=\"elementor-element elementor-element-d711419 elementor-widget elementor-widget-image\" data-id=\"d711419\" data-element_type=\"widget\" data-widget_type=\"image.default\">\n\t\t\t\t<div class=\"elementor-widget-container\">\n\t\t\t\t\t<div class=\"elementor-image\">\n\t\t\t\t\t\t\t\t\t\t\t<a href=\"https:\/\/trimet.pl\/en\/oferta\/gabiony-trimet\/wodospady-gabionowe-do-ogrodu\/wodospad-gabionowy-waterfall-1\/\">\n\t\t\t\t\t\t\t<img src=\"https:\/\/trimet.pl\/wp-content\/uploads\/elementor\/thumbs\/Ulotka-Gabionys-o7uq5dj56jacymox5ypqe64jw22d02pjbuhcj9oqbe.jpg\" title=\"Ulotka Gabionys\" alt=\"Ulotka Gabionys\" \/>\t\t\t\t\t\t\t\t<\/a>\n\t\t\t\t\t\t\t\t\t\t\t<\/div>\n\t\t\t\t<\/div>\n\t\t\t\t<\/div>\n\t\t\t\t<div class=\"elementor-element elementor-element-6449193 oferta elementor-widget elementor-widget-aux_text\" data-id=\"6449193\" data-element_type=\"widget\" data-widget_type=\"aux_text.default\">\n\t\t\t\t<div class=\"elementor-widget-container\">\n\t\t\t<section class=\"widget-container aux-widget-text aux-parent-au1f1ff9bc\" style=\"\" >        <div class=\"aux-widget-advanced-text aux-wrap-style-simple aux-ico-pos- aux-text-left aux-text-resp- aux-text-color-dark aux-text-widget-bg-center\" >\n        \n            \n            <div class=\"aux-text-inner aux-text-widget-content\">\n                                <h4 class=\"col-title\"><a href=\"https:\/\/trimet.pl\/en\/oferta\/gabiony-trimet\/wodospady-gabionowe-do-ogrodu\/wodospad-gabionowy-waterfall-1\/\">Gabion Waterfall 1<\/a><\/h4>\n                                <div class=\"widget-content\">\n                                        <p><a href=\"https:\/\/trimet.pl\/en\/oferta\/gabiony-trimet\/wodospady-gabionowe-do-ogrodu\/wodospad-gabionowy-waterfall-1\/\">SEE MORE<\/a><\/p>                <\/div>\n                            <\/div>\n        <\/div>\n                    <div class=\"aux-text-widget-footer\">\n                <div class=\"aux-border-shape-none\">\n                                <\/div>\n            <\/div>\n        \n<\/section><!-- widget-container -->\t\t<\/div>\n\t\t\t\t<\/div>\n\t\t\t\t\t\t<\/div>\n\t\t\t\t\t<\/div>\n\t\t<\/div>\n\t\t\t\t<div class=\"aux-parallax-section elementor-column elementor-col-33 elementor-top-column elementor-element elementor-element-1e43b55\" data-id=\"1e43b55\" data-element_type=\"column\">\n\t\t\t<div class=\"elementor-column-wrap elementor-element-populated\">\n\t\t\t\t\t\t\t<div class=\"elementor-widget-wrap\">\n\t\t\t\t\t\t<div class=\"elementor-element elementor-element-3899b28 elementor-widget elementor-widget-image\" data-id=\"3899b28\" data-element_type=\"widget\" data-widget_type=\"image.default\">\n\t\t\t\t<div class=\"elementor-widget-container\">\n\t\t\t\t\t<div class=\"elementor-image\">\n\t\t\t\t\t\t\t\t\t\t\t<a href=\"https:\/\/trimet.pl\/en\/oferta\/gabiony-trimet\/wodospady-gabionowe-do-ogrodu\/wodospad-gabionowy-waterfall-2\/\">\n\t\t\t\t\t\t\t<img src=\"https:\/\/trimet.pl\/wp-content\/uploads\/2019\/05\/Ulotka-Gabiony.jpg\" title=\"Ulotka Gabiony\" alt=\"Ulotka Gabiony\" \/>\t\t\t\t\t\t\t\t<\/a>\n\t\t\t\t\t\t\t\t\t\t\t<\/div>\n\t\t\t\t<\/div>\n\t\t\t\t<\/div>\n\t\t\t\t<div class=\"elementor-element elementor-element-00a8da4 oferta elementor-widget elementor-widget-aux_text\" data-id=\"00a8da4\" data-element_type=\"widget\" data-widget_type=\"aux_text.default\">\n\t\t\t\t<div class=\"elementor-widget-container\">\n\t\t\t<section class=\"widget-container aux-widget-text aux-parent-aua7eece24\" style=\"\" >        <div class=\"aux-widget-advanced-text aux-wrap-style-simple aux-ico-pos- aux-text-left aux-text-resp- aux-text-color-dark aux-text-widget-bg-center\" >\n        \n            \n            <div class=\"aux-text-inner aux-text-widget-content\">\n                                <h4 class=\"col-title\"><a href=\"https:\/\/trimet.pl\/en\/oferta\/gabiony-trimet\/wodospady-gabionowe-do-ogrodu\/wodospad-gabionowy-waterfall-2\/\">Gabion Waterfall 2<\/a><\/h4>\n                                <div class=\"widget-content\">\n                                        <p><a href=\"https:\/\/trimet.pl\/en\/oferta\/gabiony-trimet\/wodospady-gabionowe-do-ogrodu\/wodospad-gabionowy-waterfall-2\/\">SEE MORE<\/a><\/p>                <\/div>\n                            <\/div>\n        <\/div>\n                    <div class=\"aux-text-widget-footer\">\n                <div class=\"aux-border-shape-none\">\n                                <\/div>\n            <\/div>\n        \n<\/section><!-- widget-container -->\t\t<\/div>\n\t\t\t\t<\/div>\n\t\t\t\t\t\t<\/div>\n\t\t\t\t\t<\/div>\n\t\t<\/div>\n\t\t\t\t<div class=\"aux-parallax-section elementor-column elementor-col-33 elementor-top-column elementor-element elementor-element-577176d\" data-id=\"577176d\" data-element_type=\"column\">\n\t\t\t<div class=\"elementor-column-wrap\">\n\t\t\t\t\t\t\t<div class=\"elementor-widget-wrap\">\n\t\t\t\t\t\t\t\t<\/div>\n\t\t\t\t\t<\/div>\n\t\t<\/div>\n\t\t\t\t\t\t\t\t<\/div>\n\t\t\t\t\t<\/div>\n\t\t<\/section>\n\t\t\t\t\t\t<\/div>\n\t\t\t\t\t\t<\/div>\n\t\t\t\t\t<\/div>","protected":false},"excerpt":{"rendered":"<p>Wodospady gabionowe Jeste\u015bmy producentem wodospad\u00f3w do nowoczesnych ogrod\u00f3w. Produkty te s\u0105 przeznaczone dla najbardziej wymagaj\u0105cych. Wodospad Gabionowy Waterfall 1 POKA\u017b OFERT\u0118 Wodospad Gabionowy Waterfall 2 POKA\u017b OFERT\u0118<\/p>","protected":false},"author":2,"featured_media":0,"parent":761,"menu_order":0,"comment_status":"closed","ping_status":"closed","template":"","meta":[],"yoast_head":"<!-- This site is optimized with the Yoast SEO plugin v15.7 - https:\/\/yoast.com\/wordpress\/plugins\/seo\/ -->\n<title>Wodospady Gabionowe do ogrodu - Trimet \/ Waterjet<\/title>\n<meta name=\"robots\" content=\"index, follow, max-snippet:-1, max-image-preview:large, max-video-preview:-1\" \/>\n<link rel=\"canonical\" href=\"https:\/\/trimet.pl\/en\/oferta\/gabiony-trimet\/wodospady-gabionowe-do-ogrodu\/\" \/>\n<meta property=\"og:locale\" content=\"en_GB\" \/>\n<meta property=\"og:type\" content=\"article\" \/>\n<meta property=\"og:title\" content=\"Wodospady Gabionowe do ogrodu - Trimet \/ Waterjet\" \/>\n<meta property=\"og:description\" content=\"Wodospady gabionowe Jeste\u015bmy producentem wodospad\u00f3w do nowoczesnych ogrod\u00f3w. Produkty te s\u0105 przeznaczone dla najbardziej wymagaj\u0105cych. Wodospad Gabionowy Waterfall 1 POKA\u017b OFERT\u0118 Wodospad Gabionowy Waterfall 2 POKA\u017b OFERT\u0118\" \/>\n<meta property=\"og:url\" content=\"https:\/\/trimet.pl\/en\/oferta\/gabiony-trimet\/wodospady-gabionowe-do-ogrodu\/\" \/>\n<meta property=\"og:site_name\" content=\"Trimet \/ Waterjet\" \/>\n<meta property=\"article:modified_time\" content=\"2019-05-16T12:18:59+00:00\" \/>\n<meta property=\"og:image\" content=\"https:\/\/trimet.pl\/wp-content\/uploads\/elementor\/thumbs\/Ulotka-Gabionys-o7uq5dj56jacymox5ypqe64jw22d02pjbuhcj9oqbe.jpg\" \/>\n<meta name=\"twitter:card\" content=\"summary_large_image\" \/>\n<script type=\"application\/ld+json\" class=\"yoast-schema-graph\">{\"@context\":\"https:\/\/schema.org\",\"@graph\":[{\"@type\":\"WebSite\",\"@id\":\"https:\/\/trimet.pl\/#website\",\"url\":\"https:\/\/trimet.pl\/\",\"name\":\"Trimet \/ Waterjet\",\"description\":\"- ci\\u0119cie wod\\u0105, osprz\\u0119t \\u017ceglarski, gabiony, siatki zgrzewane \/ Radom\",\"potentialAction\":[{\"@type\":\"SearchAction\",\"target\":\"https:\/\/trimet.pl\/?s={search_term_string}\",\"query-input\":\"required name=search_term_string\"}],\"inLanguage\":\"en-GB\"},{\"@type\":\"ImageObject\",\"@id\":\"https:\/\/trimet.pl\/oferta\/gabiony-trimet\/wodospady-gabionowe-do-ogrodu\/#primaryimage\",\"inLanguage\":\"en-GB\",\"url\":\"https:\/\/trimet.pl\/wp-content\/uploads\/elementor\/thumbs\/Ulotka-Gabionys-o7uq5dj56jacymox5ypqe64jw22d02pjbuhcj9oqbe.jpg\"},{\"@type\":\"WebPage\",\"@id\":\"https:\/\/trimet.pl\/oferta\/gabiony-trimet\/wodospady-gabionowe-do-ogrodu\/#webpage\",\"url\":\"https:\/\/trimet.pl\/oferta\/gabiony-trimet\/wodospady-gabionowe-do-ogrodu\/\",\"name\":\"Wodospady Gabionowe do ogrodu - Trimet \/ Waterjet\",\"isPartOf\":{\"@id\":\"https:\/\/trimet.pl\/#website\"},\"primaryImageOfPage\":{\"@id\":\"https:\/\/trimet.pl\/oferta\/gabiony-trimet\/wodospady-gabionowe-do-ogrodu\/#primaryimage\"},\"datePublished\":\"2019-05-06T12:53:02+00:00\",\"dateModified\":\"2019-05-16T12:18:59+00:00\",\"breadcrumb\":{\"@id\":\"https:\/\/trimet.pl\/oferta\/gabiony-trimet\/wodospady-gabionowe-do-ogrodu\/#breadcrumb\"},\"inLanguage\":\"en-GB\",\"potentialAction\":[{\"@type\":\"ReadAction\",\"target\":[\"https:\/\/trimet.pl\/oferta\/gabiony-trimet\/wodospady-gabionowe-do-ogrodu\/\"]}]},{\"@type\":\"BreadcrumbList\",\"@id\":\"https:\/\/trimet.pl\/oferta\/gabiony-trimet\/wodospady-gabionowe-do-ogrodu\/#breadcrumb\",\"itemListElement\":[{\"@type\":\"ListItem\",\"position\":1,\"item\":{\"@type\":\"WebPage\",\"@id\":\"https:\/\/trimet.pl\/\",\"url\":\"https:\/\/trimet.pl\/\",\"name\":\"Strona g\\u0142\\u00f3wna\"}},{\"@type\":\"ListItem\",\"position\":2,\"item\":{\"@type\":\"WebPage\",\"@id\":\"https:\/\/trimet.pl\/oferta\/\",\"url\":\"https:\/\/trimet.pl\/oferta\/\",\"name\":\"Oferta\"}},{\"@type\":\"ListItem\",\"position\":3,\"item\":{\"@type\":\"WebPage\",\"@id\":\"https:\/\/trimet.pl\/oferta\/gabiony-trimet\/\",\"url\":\"https:\/\/trimet.pl\/oferta\/gabiony-trimet\/\",\"name\":\"Gabiony Trimet\"}},{\"@type\":\"ListItem\",\"position\":4,\"item\":{\"@type\":\"WebPage\",\"@id\":\"https:\/\/trimet.pl\/oferta\/gabiony-trimet\/wodospady-gabionowe-do-ogrodu\/\",\"url\":\"https:\/\/trimet.pl\/oferta\/gabiony-trimet\/wodospady-gabionowe-do-ogrodu\/\",\"name\":\"Wodospady Gabionowe do ogrodu\"}}]}]}<\/script>\n<!-- \/ Yoast SEO plugin. -->","_links":{"self":[{"href":"https:\/\/trimet.pl\/en\/wp-json\/wp\/v2\/pages\/845"}],"collection":[{"href":"https:\/\/trimet.pl\/en\/wp-json\/wp\/v2\/pages"}],"about":[{"href":"https:\/\/trimet.pl\/en\/wp-json\/wp\/v2\/types\/page"}],"author":[{"embeddable":true,"href":"https:\/\/trimet.pl\/en\/wp-json\/wp\/v2\/users\/2"}],"replies":[{"embeddable":true,"href":"https:\/\/trimet.pl\/en\/wp-json\/wp\/v2\/comments?post=845"}],"version-history":[{"count":7,"href":"https:\/\/trimet.pl\/en\/wp-json\/wp\/v2\/pages\/845\/revisions"}],"predecessor-version":[{"id":1522,"href":"https:\/\/trimet.pl\/en\/wp-json\/wp\/v2\/pages\/845\/revisions\/1522"}],"up":[{"embeddable":true,"href":"https:\/\/trimet.pl\/en\/wp-json\/wp\/v2\/pages\/761"}],"wp:attachment":[{"href":"https:\/\/trimet.pl\/en\/wp-json\/wp\/v2\/media?parent=845"}],"curies":[{"name":"wp","href":"https:\/\/api.w.org\/{rel}","templated":true}]}}