{"id":757,"date":"2019-05-06T13:18:03","date_gmt":"2019-05-06T11:18:03","guid":{"rendered":"https:\/\/trimet.biz\/?page_id=757"},"modified":"2020-10-16T16:01:50","modified_gmt":"2020-10-16T14:01:50","slug":"osprzet-zeglarski-trimet","status":"publish","type":"page","link":"https:\/\/trimet.pl\/en\/oferta\/osprzet-zeglarski-trimet\/","title":{"rendered":"Osprz\u0119t \u017ceglarski Trimet"},"content":{"rendered":"<div data-elementor-type=\"wp-post\" data-elementor-id=\"757\" class=\"elementor elementor-757\" data-elementor-settings=\"[]\">\n\t\t\t\t\t\t<div class=\"elementor-inner\">\n\t\t\t\t\t\t\t<div class=\"elementor-section-wrap\">\n\t\t\t\t\t\t\t<section class=\"elementor-section elementor-top-section elementor-element elementor-element-d8a9b9a elementor-section-boxed elementor-section-height-default elementor-section-height-default\" data-id=\"d8a9b9a\" data-element_type=\"section\">\n\t\t\t\t\t\t<div class=\"elementor-container elementor-column-gap-wide\">\n\t\t\t\t\t\t\t<div class=\"elementor-row\">\n\t\t\t\t\t<div class=\"aux-parallax-section elementor-column elementor-col-100 elementor-top-column elementor-element elementor-element-c1de087\" data-id=\"c1de087\" data-element_type=\"column\">\n\t\t\t<div class=\"elementor-column-wrap elementor-element-populated\">\n\t\t\t\t\t\t\t<div class=\"elementor-widget-wrap\">\n\t\t\t\t\t\t<div class=\"elementor-element elementor-element-8fe8c59 elementor-widget elementor-widget-heading\" data-id=\"8fe8c59\" data-element_type=\"widget\" data-widget_type=\"heading.default\">\n\t\t\t\t<div class=\"elementor-widget-container\">\n\t\t\t<h1 class=\"elementor-heading-title elementor-size-default\">Trimet nautical equipment<\/h1>\t\t<\/div>\n\t\t\t\t<\/div>\n\t\t\t\t<div class=\"elementor-element elementor-element-6e4fc16 elementor-widget-divider--view-line elementor-widget elementor-widget-divider\" data-id=\"6e4fc16\" data-element_type=\"widget\" data-widget_type=\"divider.default\">\n\t\t\t\t<div class=\"elementor-widget-container\">\n\t\t\t\t\t<div class=\"elementor-divider\">\n\t\t\t<span class=\"elementor-divider-separator\">\n\t\t\t\t\t\t<\/span>\n\t\t<\/div>\n\t\t\t\t<\/div>\n\t\t\t\t<\/div>\n\t\t\t\t<div class=\"elementor-element elementor-element-76b59af elementor-widget elementor-widget-heading\" data-id=\"76b59af\" data-element_type=\"widget\" data-widget_type=\"heading.default\">\n\t\t\t\t<div class=\"elementor-widget-container\">\n\t\t\t<h2 class=\"elementor-heading-title elementor-size-default\">We manufacture nautical equipment. Take a look at our offer and find products suitable for all kinds of yachts.<\/h2>\t\t<\/div>\n\t\t\t\t<\/div>\n\t\t\t\t\t\t<\/div>\n\t\t\t\t\t<\/div>\n\t\t<\/div>\n\t\t\t\t<div class=\"aux-parallax-section elementor-column elementor-col-100 elementor-top-column elementor-element elementor-element-fb72048\" data-id=\"fb72048\" data-element_type=\"column\">\n\t\t\t<div class=\"elementor-column-wrap\">\n\t\t\t\t\t\t\t<div class=\"elementor-widget-wrap\">\n\t\t\t\t\t\t\t\t<\/div>\n\t\t\t\t\t<\/div>\n\t\t<\/div>\n\t\t\t\t\t\t\t\t<\/div>\n\t\t\t\t\t<\/div>\n\t\t<\/section>\n\t\t\t\t<section class=\"elementor-section elementor-top-section elementor-element elementor-element-fa09eb8 naglowek elementor-section-boxed elementor-section-height-default elementor-section-height-default\" data-id=\"fa09eb8\" data-element_type=\"section\" data-settings=\"{&quot;background_background&quot;:&quot;classic&quot;}\">\n\t\t\t\t\t\t<div class=\"elementor-container elementor-column-gap-narrow\">\n\t\t\t\t\t\t\t<div class=\"elementor-row\">\n\t\t\t\t\t<div class=\"aux-parallax-section elementor-column elementor-col-33 elementor-top-column elementor-element elementor-element-32a6f9b\" data-id=\"32a6f9b\" data-element_type=\"column\">\n\t\t\t<div class=\"elementor-column-wrap elementor-element-populated\">\n\t\t\t\t\t\t\t<div class=\"elementor-widget-wrap\">\n\t\t\t\t\t\t<div class=\"elementor-element elementor-element-e14ea5d elementor-widget elementor-widget-image\" data-id=\"e14ea5d\" data-element_type=\"widget\" data-widget_type=\"image.default\">\n\t\t\t\t<div class=\"elementor-widget-container\">\n\t\t\t\t\t<div class=\"elementor-image\">\n\t\t\t\t\t\t\t\t\t\t\t<a href=\"https:\/\/trimet.pl\/en\/oferta\/osprzet-zeglarski-trimet\/luki-pokladowe\/\">\n\t\t\t\t\t\t\t<img width=\"1120\" height=\"630\" src=\"https:\/\/trimet.pl\/wp-content\/uploads\/2019\/05\/1-3-1.jpg\" class=\"attachment-full size-full\" alt=\"\" loading=\"lazy\" \/>\t\t\t\t\t\t\t\t<\/a>\n\t\t\t\t\t\t\t\t\t\t\t<\/div>\n\t\t\t\t<\/div>\n\t\t\t\t<\/div>\n\t\t\t\t<div class=\"elementor-element elementor-element-6068976 oferta elementor-widget elementor-widget-aux_text\" data-id=\"6068976\" data-element_type=\"widget\" data-widget_type=\"aux_text.default\">\n\t\t\t\t<div class=\"elementor-widget-container\">\n\t\t\t<section class=\"widget-container aux-widget-text aux-parent-au015fe523\" style=\"\" >        <div class=\"aux-widget-advanced-text aux-wrap-style-simple aux-ico-pos- aux-text-center aux-text-resp- aux-text-color-dark aux-text-widget-bg-center\" >\n        \n            \n            <div class=\"aux-text-inner aux-text-widget-content\">\n                                <h4 class=\"col-title\"><a href=\"https:\/\/trimet.pl\/en\/oferta\/osprzet-zeglarski-trimet\/luki-pokladowe\/\">Hatch boards<\/a><\/h4>\n                                <div class=\"widget-content\">\n                                        <p><a href=\"https:\/\/trimet.pl\/en\/oferta\/osprzet-zeglarski-trimet\/luki-pokladowe\/\">SEE MORE<\/a><\/p>                <\/div>\n                            <\/div>\n        <\/div>\n                    <div class=\"aux-text-widget-footer\">\n                <div class=\"aux-border-shape-none\">\n                                <\/div>\n            <\/div>\n        \n<\/section><!-- widget-container -->\t\t<\/div>\n\t\t\t\t<\/div>\n\t\t\t\t\t\t<\/div>\n\t\t\t\t\t<\/div>\n\t\t<\/div>\n\t\t\t\t<div class=\"aux-parallax-section elementor-column elementor-col-33 elementor-top-column elementor-element elementor-element-9ac54d7\" data-id=\"9ac54d7\" data-element_type=\"column\">\n\t\t\t<div class=\"elementor-column-wrap elementor-element-populated\">\n\t\t\t\t\t\t\t<div class=\"elementor-widget-wrap\">\n\t\t\t\t\t\t<div class=\"elementor-element elementor-element-131b2ce elementor-widget elementor-widget-image\" data-id=\"131b2ce\" data-element_type=\"widget\" data-widget_type=\"image.default\">\n\t\t\t\t<div class=\"elementor-widget-container\">\n\t\t\t\t\t<div class=\"elementor-image\">\n\t\t\t\t\t\t\t\t\t\t\t<a href=\"https:\/\/trimet.pl\/en\/oferta\/osprzet-zeglarski-trimet\/moskitiery-do-lukow\/\">\n\t\t\t\t\t\t\t<img src=\"https:\/\/trimet.pl\/wp-content\/uploads\/elementor\/thumbs\/moskitiera-na-magnes-do-luku-pokladowego-trimet-ogsxyowrct3y6o288mivh433u4hsf1y7wplpj63lu0.jpg\" title=\"moskitiera-na-magnes-do-luku-pokladowego-trimet\" alt=\"moskitiera-na-magnes-do-luku-pokladowego-trimet\" \/>\t\t\t\t\t\t\t\t<\/a>\n\t\t\t\t\t\t\t\t\t\t\t<\/div>\n\t\t\t\t<\/div>\n\t\t\t\t<\/div>\n\t\t\t\t<div class=\"elementor-element elementor-element-ed85eec oferta elementor-widget elementor-widget-aux_text\" data-id=\"ed85eec\" data-element_type=\"widget\" data-widget_type=\"aux_text.default\">\n\t\t\t\t<div class=\"elementor-widget-container\">\n\t\t\t<section class=\"widget-container aux-widget-text aux-parent-au1f7f6b79\" style=\"\" >        <div class=\"aux-widget-advanced-text aux-wrap-style-simple aux-ico-pos- aux-text-center aux-text-resp- aux-text-color-dark aux-text-widget-bg-center\" >\n        \n            \n            <div class=\"aux-text-inner aux-text-widget-content\">\n                                <h4 class=\"col-title\"><a href=\"https:\/\/trimet.pl\/en\/oferta\/osprzet-zeglarski-trimet\/moskitiery-do-lukow\/\">Moskitiery do luk\u00f3w<\/a><\/h4>\n                                <div class=\"widget-content\">\n                                        <p><a href=\"https:\/\/trimet.pl\/en\/oferta\/osprzet-zeglarski-trimet\/moskitiery-do-lukow\/\" data-wplink-edit=\"true\">SEE MORE<\/a><\/p>                <\/div>\n                            <\/div>\n        <\/div>\n                    <div class=\"aux-text-widget-footer\">\n                <div class=\"aux-border-shape-none\">\n                                <\/div>\n            <\/div>\n        \n<\/section><!-- widget-container -->\t\t<\/div>\n\t\t\t\t<\/div>\n\t\t\t\t\t\t<\/div>\n\t\t\t\t\t<\/div>\n\t\t<\/div>\n\t\t\t\t<div class=\"aux-parallax-section elementor-column elementor-col-33 elementor-top-column elementor-element elementor-element-c52924a\" data-id=\"c52924a\" data-element_type=\"column\">\n\t\t\t<div class=\"elementor-column-wrap elementor-element-populated\">\n\t\t\t\t\t\t\t<div class=\"elementor-widget-wrap\">\n\t\t\t\t\t\t<div class=\"elementor-element elementor-element-5023d61 elementor-widget elementor-widget-image\" data-id=\"5023d61\" data-element_type=\"widget\" data-widget_type=\"image.default\">\n\t\t\t\t<div class=\"elementor-widget-container\">\n\t\t\t\t\t<div class=\"elementor-image\">\n\t\t\t\t\t\t\t\t\t\t\t<a href=\"https:\/\/trimet.pl\/en\/oferta\/osprzet-zeglarski-trimet\/maszty-bomy\/\">\n\t\t\t\t\t\t\t<img width=\"384\" height=\"216\" src=\"https:\/\/trimet.pl\/wp-content\/uploads\/2019\/05\/maszty.jpg\" class=\"attachment-full size-full\" alt=\"\" loading=\"lazy\" \/>\t\t\t\t\t\t\t\t<\/a>\n\t\t\t\t\t\t\t\t\t\t\t<\/div>\n\t\t\t\t<\/div>\n\t\t\t\t<\/div>\n\t\t\t\t<div class=\"elementor-element elementor-element-b071b5e oferta elementor-widget elementor-widget-aux_text\" data-id=\"b071b5e\" data-element_type=\"widget\" data-widget_type=\"aux_text.default\">\n\t\t\t\t<div class=\"elementor-widget-container\">\n\t\t\t<section class=\"widget-container aux-widget-text aux-parent-au5e54d119\" style=\"\" >        <div class=\"aux-widget-advanced-text aux-wrap-style-simple aux-ico-pos- aux-text-center aux-text-resp- aux-text-color-dark aux-text-widget-bg-center\" >\n        \n            \n            <div class=\"aux-text-inner aux-text-widget-content\">\n                                <h4 class=\"col-title\"><a href=\"https:\/\/trimet.pl\/en\/oferta\/osprzet-zeglarski-trimet\/maszty-bomy\/\">Masts, booms<\/a><\/h4>\n                                <div class=\"widget-content\">\n                                        <p><a href=\"https:\/\/trimet.pl\/en\/oferta\/osprzet-zeglarski-trimet\/maszty-bomy\/\">SEE MORE<\/a><\/p>                <\/div>\n                            <\/div>\n        <\/div>\n                    <div class=\"aux-text-widget-footer\">\n                <div class=\"aux-border-shape-none\">\n                                <\/div>\n            <\/div>\n        \n<\/section><!-- widget-container -->\t\t<\/div>\n\t\t\t\t<\/div>\n\t\t\t\t\t\t<\/div>\n\t\t\t\t\t<\/div>\n\t\t<\/div>\n\t\t\t\t\t\t\t\t<\/div>\n\t\t\t\t\t<\/div>\n\t\t<\/section>\n\t\t\t\t<section class=\"elementor-section elementor-top-section elementor-element elementor-element-4f077f2 naglowek elementor-section-boxed elementor-section-height-default elementor-section-height-default\" data-id=\"4f077f2\" data-element_type=\"section\" data-settings=\"{&quot;background_background&quot;:&quot;classic&quot;}\">\n\t\t\t\t\t\t<div class=\"elementor-container elementor-column-gap-narrow\">\n\t\t\t\t\t\t\t<div class=\"elementor-row\">\n\t\t\t\t\t<div class=\"aux-parallax-section elementor-column elementor-col-33 elementor-top-column elementor-element elementor-element-170efe5\" data-id=\"170efe5\" data-element_type=\"column\">\n\t\t\t<div class=\"elementor-column-wrap elementor-element-populated\">\n\t\t\t\t\t\t\t<div class=\"elementor-widget-wrap\">\n\t\t\t\t\t\t<div class=\"elementor-element elementor-element-1370fca elementor-widget elementor-widget-image\" data-id=\"1370fca\" data-element_type=\"widget\" data-widget_type=\"image.default\">\n\t\t\t\t<div class=\"elementor-widget-container\">\n\t\t\t\t\t<div class=\"elementor-image\">\n\t\t\t\t\t\t\t\t\t\t\t<a href=\"https:\/\/trimet.pl\/en\/oferta\/osprzet-zeglarski-trimet\/sztywne-sztagi-rolery\/\">\n\t\t\t\t\t\t\t<img width=\"960\" height=\"540\" src=\"https:\/\/trimet.pl\/wp-content\/uploads\/2019\/05\/1-5-1.jpg\" class=\"attachment-full size-full\" alt=\"\" loading=\"lazy\" \/>\t\t\t\t\t\t\t\t<\/a>\n\t\t\t\t\t\t\t\t\t\t\t<\/div>\n\t\t\t\t<\/div>\n\t\t\t\t<\/div>\n\t\t\t\t<div class=\"elementor-element elementor-element-6b5de5c oferta elementor-widget elementor-widget-aux_text\" data-id=\"6b5de5c\" data-element_type=\"widget\" data-widget_type=\"aux_text.default\">\n\t\t\t\t<div class=\"elementor-widget-container\">\n\t\t\t<section class=\"widget-container aux-widget-text aux-parent-au5423c6ef\" style=\"\" >        <div class=\"aux-widget-advanced-text aux-wrap-style-simple aux-ico-pos- aux-text-center aux-text-resp- aux-text-color-dark aux-text-widget-bg-center\" >\n        \n            \n            <div class=\"aux-text-inner aux-text-widget-content\">\n                                <h4 class=\"col-title\"><a href=\"https:\/\/trimet.pl\/en\/oferta\/osprzet-zeglarski-trimet\/sztywne-sztagi-rolery\/\">Forestays, furlings<\/a><\/h4>\n                                <div class=\"widget-content\">\n                                        <p><a href=\"https:\/\/trimet.pl\/en\/oferta\/osprzet-zeglarski-trimet\/sztywne-sztagi-rolery\/\">SEE MORE<\/a><\/p>                <\/div>\n                            <\/div>\n        <\/div>\n                    <div class=\"aux-text-widget-footer\">\n                <div class=\"aux-border-shape-none\">\n                                <\/div>\n            <\/div>\n        \n<\/section><!-- widget-container -->\t\t<\/div>\n\t\t\t\t<\/div>\n\t\t\t\t\t\t<\/div>\n\t\t\t\t\t<\/div>\n\t\t<\/div>\n\t\t\t\t<div class=\"aux-parallax-section elementor-column elementor-col-33 elementor-top-column elementor-element elementor-element-ea3f8e4\" data-id=\"ea3f8e4\" data-element_type=\"column\">\n\t\t\t<div class=\"elementor-column-wrap elementor-element-populated\">\n\t\t\t\t\t\t\t<div class=\"elementor-widget-wrap\">\n\t\t\t\t\t\t<div class=\"elementor-element elementor-element-bf99242 elementor-widget elementor-widget-image\" data-id=\"bf99242\" data-element_type=\"widget\" data-widget_type=\"image.default\">\n\t\t\t\t<div class=\"elementor-widget-container\">\n\t\t\t\t\t<div class=\"elementor-image\">\n\t\t\t\t\t\t\t\t\t\t\t<a href=\"https:\/\/trimet.pl\/en\/oferta\/osprzet-zeglarski-trimet\/okucia-pokladowe\/\">\n\t\t\t\t\t\t\t<img width=\"384\" height=\"216\" src=\"https:\/\/trimet.pl\/wp-content\/uploads\/2019\/05\/Rectangle-2165.jpg\" class=\"attachment-full size-full\" alt=\"\" loading=\"lazy\" \/>\t\t\t\t\t\t\t\t<\/a>\n\t\t\t\t\t\t\t\t\t\t\t<\/div>\n\t\t\t\t<\/div>\n\t\t\t\t<\/div>\n\t\t\t\t<div class=\"elementor-element elementor-element-5ae94b7 oferta elementor-widget elementor-widget-aux_text\" data-id=\"5ae94b7\" data-element_type=\"widget\" data-widget_type=\"aux_text.default\">\n\t\t\t\t<div class=\"elementor-widget-container\">\n\t\t\t<section class=\"widget-container aux-widget-text aux-parent-au101d34bf\" style=\"\" >        <div class=\"aux-widget-advanced-text aux-wrap-style-simple aux-ico-pos- aux-text-center aux-text-resp- aux-text-color-dark aux-text-widget-bg-center\" >\n        \n            \n            <div class=\"aux-text-inner aux-text-widget-content\">\n                                <h4 class=\"col-title\"><a href=\"https:\/\/trimet.pl\/en\/oferta\/osprzet-zeglarski-trimet\/okucia-pokladowe\/\">Boat fittings<\/a><\/h4>\n                                <div class=\"widget-content\">\n                                        <p><a href=\"https:\/\/trimet.pl\/en\/oferta\/osprzet-zeglarski-trimet\/okucia-pokladowe\/\">SEE MORE<\/a><\/p>                <\/div>\n                            <\/div>\n        <\/div>\n                    <div class=\"aux-text-widget-footer\">\n                <div class=\"aux-border-shape-none\">\n                                <\/div>\n            <\/div>\n        \n<\/section><!-- widget-container -->\t\t<\/div>\n\t\t\t\t<\/div>\n\t\t\t\t\t\t<\/div>\n\t\t\t\t\t<\/div>\n\t\t<\/div>\n\t\t\t\t<div class=\"aux-parallax-section elementor-column elementor-col-33 elementor-top-column elementor-element elementor-element-d747ea6\" data-id=\"d747ea6\" data-element_type=\"column\">\n\t\t\t<div class=\"elementor-column-wrap elementor-element-populated\">\n\t\t\t\t\t\t\t<div class=\"elementor-widget-wrap\">\n\t\t\t\t\t\t<div class=\"elementor-element elementor-element-42f6b5b elementor-widget elementor-widget-image\" data-id=\"42f6b5b\" data-element_type=\"widget\" data-widget_type=\"image.default\">\n\t\t\t\t<div class=\"elementor-widget-container\">\n\t\t\t\t\t<div class=\"elementor-image\">\n\t\t\t\t\t\t\t\t\t\t\t<a href=\"https:\/\/trimet.pl\/en\/oferta\/osprzet-zeglarski-trimet\/zawiasy\/\">\n\t\t\t\t\t\t\t<img width=\"384\" height=\"216\" src=\"https:\/\/trimet.pl\/wp-content\/uploads\/2019\/05\/2-6.jpg\" class=\"attachment-full size-full\" alt=\"\" loading=\"lazy\" \/>\t\t\t\t\t\t\t\t<\/a>\n\t\t\t\t\t\t\t\t\t\t\t<\/div>\n\t\t\t\t<\/div>\n\t\t\t\t<\/div>\n\t\t\t\t<div class=\"elementor-element elementor-element-7b2b1e4 oferta elementor-widget elementor-widget-aux_text\" data-id=\"7b2b1e4\" data-element_type=\"widget\" data-widget_type=\"aux_text.default\">\n\t\t\t\t<div class=\"elementor-widget-container\">\n\t\t\t<section class=\"widget-container aux-widget-text aux-parent-au807c60d1\" style=\"\" >        <div class=\"aux-widget-advanced-text aux-wrap-style-simple aux-ico-pos- aux-text-center aux-text-resp- aux-text-color-dark aux-text-widget-bg-center\" >\n        \n            \n            <div class=\"aux-text-inner aux-text-widget-content\">\n                                <h4 class=\"col-title\"><a href=\"https:\/\/trimet.pl\/en\/oferta\/osprzet-zeglarski-trimet\/zawiasy\/\">Hinges<\/a><\/h4>\n                                <div class=\"widget-content\">\n                                        <p><a href=\"https:\/\/trimet.pl\/en\/oferta\/osprzet-zeglarski-trimet\/zawiasy\/\">SEE MORE<\/a><\/p>                <\/div>\n                            <\/div>\n        <\/div>\n                    <div class=\"aux-text-widget-footer\">\n                <div class=\"aux-border-shape-none\">\n                                <\/div>\n            <\/div>\n        \n<\/section><!-- widget-container -->\t\t<\/div>\n\t\t\t\t<\/div>\n\t\t\t\t\t\t<\/div>\n\t\t\t\t\t<\/div>\n\t\t<\/div>\n\t\t\t\t\t\t\t\t<\/div>\n\t\t\t\t\t<\/div>\n\t\t<\/section>\n\t\t\t\t\t\t<\/div>\n\t\t\t\t\t\t<\/div>\n\t\t\t\t\t<\/div>","protected":false},"excerpt":{"rendered":"<p>Osprz\u0119t \u017ceglarski firmy Trimet Jeste\u015bmy producentem osprz\u0119tu \u017ceglarskiego. Znajd\u0105 Pa\u0144stwo w naszej ofercie produkty przeznaczone do wszelkich typ\u00f3w jacht\u00f3w. Luki pok\u0142adowe POKA\u017b OFERT\u0118 Moskitiery do luk\u00f3w POKA\u017b OFERT\u0118 Maszty, bomy POKA\u017b OFERT\u0118 Sztywne sztagi, rolery POKA\u017b OFERT\u0118 Okucia pok\u0142adowe POKA\u017b OFERT\u0118 Zawiasy POKA\u017b OFERT\u0118<\/p>","protected":false},"author":2,"featured_media":0,"parent":39,"menu_order":0,"comment_status":"closed","ping_status":"closed","template":"","meta":[],"yoast_head":"<!-- This site is optimized with the Yoast SEO plugin v15.7 - https:\/\/yoast.com\/wordpress\/plugins\/seo\/ -->\n<title>Osprz\u0119t \u017ceglarski Trimet - Trimet \/ Waterjet<\/title>\n<meta name=\"robots\" content=\"index, follow, max-snippet:-1, max-image-preview:large, max-video-preview:-1\" \/>\n<link rel=\"canonical\" href=\"https:\/\/trimet.pl\/en\/oferta\/osprzet-zeglarski-trimet\/\" \/>\n<meta property=\"og:locale\" content=\"en_GB\" \/>\n<meta property=\"og:type\" content=\"article\" \/>\n<meta property=\"og:title\" content=\"Osprz\u0119t \u017ceglarski Trimet - Trimet \/ Waterjet\" \/>\n<meta property=\"og:description\" content=\"Osprz\u0119t \u017ceglarski firmy Trimet Jeste\u015bmy producentem osprz\u0119tu \u017ceglarskiego. Znajd\u0105 Pa\u0144stwo w naszej ofercie produkty przeznaczone do wszelkich typ\u00f3w jacht\u00f3w. Luki pok\u0142adowe POKA\u017b OFERT\u0118 Moskitiery do luk\u00f3w POKA\u017b OFERT\u0118 Maszty, bomy POKA\u017b OFERT\u0118 Sztywne sztagi, rolery POKA\u017b OFERT\u0118 Okucia pok\u0142adowe POKA\u017b OFERT\u0118 Zawiasy POKA\u017b OFERT\u0118\" \/>\n<meta property=\"og:url\" content=\"https:\/\/trimet.pl\/en\/oferta\/osprzet-zeglarski-trimet\/\" \/>\n<meta property=\"og:site_name\" content=\"Trimet \/ Waterjet\" \/>\n<meta property=\"article:modified_time\" content=\"2020-10-16T14:01:50+00:00\" \/>\n<meta property=\"og:image\" content=\"https:\/\/trimet.pl\/wp-content\/uploads\/2019\/05\/1-3-1.jpg\" \/>\n<meta name=\"twitter:card\" content=\"summary_large_image\" \/>\n<script type=\"application\/ld+json\" class=\"yoast-schema-graph\">{\"@context\":\"https:\/\/schema.org\",\"@graph\":[{\"@type\":\"WebSite\",\"@id\":\"https:\/\/trimet.pl\/#website\",\"url\":\"https:\/\/trimet.pl\/\",\"name\":\"Trimet \/ Waterjet\",\"description\":\"- ci\\u0119cie wod\\u0105, osprz\\u0119t \\u017ceglarski, gabiony, siatki zgrzewane \/ Radom\",\"potentialAction\":[{\"@type\":\"SearchAction\",\"target\":\"https:\/\/trimet.pl\/?s={search_term_string}\",\"query-input\":\"required name=search_term_string\"}],\"inLanguage\":\"en-GB\"},{\"@type\":\"ImageObject\",\"@id\":\"https:\/\/trimet.pl\/oferta\/osprzet-zeglarski-trimet\/#primaryimage\",\"inLanguage\":\"en-GB\",\"url\":\"https:\/\/trimet.pl\/wp-content\/uploads\/2019\/05\/1-3-1.jpg\",\"width\":1120,\"height\":630},{\"@type\":\"WebPage\",\"@id\":\"https:\/\/trimet.pl\/oferta\/osprzet-zeglarski-trimet\/#webpage\",\"url\":\"https:\/\/trimet.pl\/oferta\/osprzet-zeglarski-trimet\/\",\"name\":\"Osprz\\u0119t \\u017ceglarski Trimet - Trimet \/ Waterjet\",\"isPartOf\":{\"@id\":\"https:\/\/trimet.pl\/#website\"},\"primaryImageOfPage\":{\"@id\":\"https:\/\/trimet.pl\/oferta\/osprzet-zeglarski-trimet\/#primaryimage\"},\"datePublished\":\"2019-05-06T11:18:03+00:00\",\"dateModified\":\"2020-10-16T14:01:50+00:00\",\"breadcrumb\":{\"@id\":\"https:\/\/trimet.pl\/oferta\/osprzet-zeglarski-trimet\/#breadcrumb\"},\"inLanguage\":\"en-GB\",\"potentialAction\":[{\"@type\":\"ReadAction\",\"target\":[\"https:\/\/trimet.pl\/oferta\/osprzet-zeglarski-trimet\/\"]}]},{\"@type\":\"BreadcrumbList\",\"@id\":\"https:\/\/trimet.pl\/oferta\/osprzet-zeglarski-trimet\/#breadcrumb\",\"itemListElement\":[{\"@type\":\"ListItem\",\"position\":1,\"item\":{\"@type\":\"WebPage\",\"@id\":\"https:\/\/trimet.pl\/\",\"url\":\"https:\/\/trimet.pl\/\",\"name\":\"Strona g\\u0142\\u00f3wna\"}},{\"@type\":\"ListItem\",\"position\":2,\"item\":{\"@type\":\"WebPage\",\"@id\":\"https:\/\/trimet.pl\/oferta\/\",\"url\":\"https:\/\/trimet.pl\/oferta\/\",\"name\":\"Oferta\"}},{\"@type\":\"ListItem\",\"position\":3,\"item\":{\"@type\":\"WebPage\",\"@id\":\"https:\/\/trimet.pl\/oferta\/osprzet-zeglarski-trimet\/\",\"url\":\"https:\/\/trimet.pl\/oferta\/osprzet-zeglarski-trimet\/\",\"name\":\"Osprz\\u0119t \\u017ceglarski Trimet\"}}]}]}<\/script>\n<!-- \/ Yoast SEO plugin. -->","_links":{"self":[{"href":"https:\/\/trimet.pl\/en\/wp-json\/wp\/v2\/pages\/757"}],"collection":[{"href":"https:\/\/trimet.pl\/en\/wp-json\/wp\/v2\/pages"}],"about":[{"href":"https:\/\/trimet.pl\/en\/wp-json\/wp\/v2\/types\/page"}],"author":[{"embeddable":true,"href":"https:\/\/trimet.pl\/en\/wp-json\/wp\/v2\/users\/2"}],"replies":[{"embeddable":true,"href":"https:\/\/trimet.pl\/en\/wp-json\/wp\/v2\/comments?post=757"}],"version-history":[{"count":35,"href":"https:\/\/trimet.pl\/en\/wp-json\/wp\/v2\/pages\/757\/revisions"}],"predecessor-version":[{"id":1898,"href":"https:\/\/trimet.pl\/en\/wp-json\/wp\/v2\/pages\/757\/revisions\/1898"}],"up":[{"embeddable":true,"href":"https:\/\/trimet.pl\/en\/wp-json\/wp\/v2\/pages\/39"}],"wp:attachment":[{"href":"https:\/\/trimet.pl\/en\/wp-json\/wp\/v2\/media?parent=757"}],"curies":[{"name":"wp","href":"https:\/\/api.w.org\/{rel}","templated":true}]}}