{"id":39,"date":"2019-04-29T15:29:49","date_gmt":"2019-04-29T13:29:49","guid":{"rendered":"https:\/\/trimet.biz\/?page_id=39"},"modified":"2019-05-14T15:14:54","modified_gmt":"2019-05-14T13:14:54","slug":"oferta","status":"publish","type":"page","link":"https:\/\/trimet.pl\/en\/oferta\/","title":{"rendered":"Services"},"content":{"rendered":"<div data-elementor-type=\"wp-post\" data-elementor-id=\"39\" class=\"elementor elementor-39\" data-elementor-settings=\"[]\">\n\t\t\t\t\t\t<div class=\"elementor-inner\">\n\t\t\t\t\t\t\t<div class=\"elementor-section-wrap\">\n\t\t\t\t\t\t\t<section class=\"elementor-section elementor-top-section elementor-element elementor-element-f0c6476 naglowek elementor-section-boxed elementor-section-height-default elementor-section-height-default\" data-id=\"f0c6476\" data-element_type=\"section\" data-settings=\"{&quot;background_background&quot;:&quot;classic&quot;}\">\n\t\t\t\t\t\t<div class=\"elementor-container elementor-column-gap-narrow\">\n\t\t\t\t\t\t\t<div class=\"elementor-row\">\n\t\t\t\t\t<div class=\"aux-parallax-section elementor-column elementor-col-100 elementor-top-column elementor-element elementor-element-294e7c5\" data-id=\"294e7c5\" data-element_type=\"column\">\n\t\t\t<div class=\"elementor-column-wrap elementor-element-populated\">\n\t\t\t\t\t\t\t<div class=\"elementor-widget-wrap\">\n\t\t\t\t\t\t<div class=\"elementor-element elementor-element-9b9c9a8 aux-appear-watch-animation aux-fade-in-up-1 elementor-widget elementor-widget-heading\" data-id=\"9b9c9a8\" data-element_type=\"widget\" data-widget_type=\"heading.default\">\n\t\t\t\t<div class=\"elementor-widget-container\">\n\t\t\t<h1 class=\"elementor-heading-title elementor-size-default\">Trimet products and services<\/h1>\t\t<\/div>\n\t\t\t\t<\/div>\n\t\t\t\t<div class=\"elementor-element elementor-element-57c9959 aux-appear-watch-animation aux-fade-in-up-1 elementor-widget-divider--view-line elementor-widget elementor-widget-divider\" data-id=\"57c9959\" data-element_type=\"widget\" data-widget_type=\"divider.default\">\n\t\t\t\t<div class=\"elementor-widget-container\">\n\t\t\t\t\t<div class=\"elementor-divider\">\n\t\t\t<span class=\"elementor-divider-separator\">\n\t\t\t\t\t\t<\/span>\n\t\t<\/div>\n\t\t\t\t<\/div>\n\t\t\t\t<\/div>\n\t\t\t\t<div class=\"elementor-element elementor-element-8a11fc7 aux-appear-watch-animation aux-fade-in-up-1 elementor-widget elementor-widget-heading\" data-id=\"8a11fc7\" data-element_type=\"widget\" data-widget_type=\"heading.default\">\n\t\t\t\t<div class=\"elementor-widget-container\">\n\t\t\t<h2 class=\"elementor-heading-title elementor-size-default\">Our range of products and services<\/h2>\t\t<\/div>\n\t\t\t\t<\/div>\n\t\t\t\t<section class=\"elementor-section elementor-inner-section elementor-element elementor-element-57473d5 elementor-section-boxed elementor-section-height-default elementor-section-height-default\" data-id=\"57473d5\" data-element_type=\"section\">\n\t\t\t\t\t\t<div class=\"elementor-container elementor-column-gap-default\">\n\t\t\t\t\t\t\t<div class=\"elementor-row\">\n\t\t\t\t\t<div class=\"aux-parallax-section elementor-column elementor-col-25 elementor-inner-column elementor-element elementor-element-e1053cc aux-appear-watch-animation aux-fade-in-up\" data-id=\"e1053cc\" data-element_type=\"column\" data-settings=\"{&quot;background_background&quot;:&quot;classic&quot;}\">\n\t\t\t<div class=\"elementor-column-wrap elementor-element-populated\">\n\t\t\t\t\t<div class=\"elementor-background-overlay\"><\/div>\n\t\t\t\t\t\t\t<div class=\"elementor-widget-wrap\">\n\t\t\t\t\t\t<div class=\"elementor-element elementor-element-0f88062 elementor-position-top elementor-vertical-align-top elementor-widget elementor-widget-image-box\" data-id=\"0f88062\" data-element_type=\"widget\" data-widget_type=\"image-box.default\">\n\t\t\t\t<div class=\"elementor-widget-container\">\n\t\t\t<div class=\"elementor-image-box-wrapper\"><figure class=\"elementor-image-box-img\"><a href=\"https:\/\/trimet.pl\/en\/oferta\/ciecie-woda-waterjet\/\"><img width=\"106\" height=\"91\" src=\"https:\/\/trimet.pl\/wp-content\/uploads\/2019\/05\/Group-188.svg\" class=\"attachment-full size-full\" alt=\"Ikona WaterJet\" loading=\"lazy\" \/><\/a><\/figure><div class=\"elementor-image-box-content\"><h3 class=\"elementor-image-box-title\"><a href=\"https:\/\/trimet.pl\/en\/oferta\/ciecie-woda-waterjet\/\">Waterjet<br> cutting<\/a><\/h3><\/div><\/div>\t\t<\/div>\n\t\t\t\t<\/div>\n\t\t\t\t<div class=\"elementor-element elementor-element-02169ad elementor-widget elementor-widget-aux_button\" data-id=\"02169ad\" data-element_type=\"widget\" data-widget_type=\"aux_button.default\">\n\t\t\t\t<div class=\"elementor-widget-container\">\n\t\t\t<a  href=\"https:\/\/trimet.pl\/en\/oferta\/ciecie-woda-waterjet\/\" target=\"_self\"   class=\"aux-button aux-medium aux-fire-engine-red aux-none aux-uppercase\" ><span class=\"aux-overlay\"><\/span><span class=\"aux-text\">See more<\/span><\/a>\t\t<\/div>\n\t\t\t\t<\/div>\n\t\t\t\t\t\t<\/div>\n\t\t\t\t\t<\/div>\n\t\t<\/div>\n\t\t\t\t<div class=\"aux-parallax-section elementor-column elementor-col-25 elementor-inner-column elementor-element elementor-element-0dcf887 aux-appear-watch-animation aux-fade-in-up-1\" data-id=\"0dcf887\" data-element_type=\"column\" data-settings=\"{&quot;background_background&quot;:&quot;classic&quot;}\">\n\t\t\t<div class=\"elementor-column-wrap elementor-element-populated\">\n\t\t\t\t\t<div class=\"elementor-background-overlay\"><\/div>\n\t\t\t\t\t\t\t<div class=\"elementor-widget-wrap\">\n\t\t\t\t\t\t<div class=\"elementor-element elementor-element-aaa6a1a elementor-position-top elementor-vertical-align-top elementor-widget elementor-widget-image-box\" data-id=\"aaa6a1a\" data-element_type=\"widget\" data-widget_type=\"image-box.default\">\n\t\t\t\t<div class=\"elementor-widget-container\">\n\t\t\t<div class=\"elementor-image-box-wrapper\"><figure class=\"elementor-image-box-img\"><a href=\"https:\/\/trimet.pl\/en\/oferta\/osprzet-zeglarski-trimet\/\"><img width=\"106\" height=\"101\" src=\"https:\/\/trimet.pl\/wp-content\/uploads\/2019\/05\/Group-235.svg\" class=\"attachment-full size-full\" alt=\"Ikona jachtu\" loading=\"lazy\" \/><\/a><\/figure><div class=\"elementor-image-box-content\"><h3 class=\"elementor-image-box-title\"><a href=\"https:\/\/trimet.pl\/en\/oferta\/osprzet-zeglarski-trimet\/\">Nautical<br>equipment<\/a><\/h3><\/div><\/div>\t\t<\/div>\n\t\t\t\t<\/div>\n\t\t\t\t<div class=\"elementor-element elementor-element-601e618 elementor-widget elementor-widget-aux_button\" data-id=\"601e618\" data-element_type=\"widget\" data-widget_type=\"aux_button.default\">\n\t\t\t\t<div class=\"elementor-widget-container\">\n\t\t\t<a  href=\"https:\/\/trimet.pl\/en\/oferta\/osprzet-zeglarski-trimet\/\" target=\"_self\"   class=\"aux-button aux-medium aux-fire-engine-red aux-none aux-uppercase\" ><span class=\"aux-overlay\"><\/span><span class=\"aux-text\">See more<\/span><\/a>\t\t<\/div>\n\t\t\t\t<\/div>\n\t\t\t\t\t\t<\/div>\n\t\t\t\t\t<\/div>\n\t\t<\/div>\n\t\t\t\t<div class=\"aux-parallax-section elementor-column elementor-col-25 elementor-inner-column elementor-element elementor-element-a416e64 aux-appear-watch-animation aux-fade-in-up-1\" data-id=\"a416e64\" data-element_type=\"column\" data-settings=\"{&quot;background_background&quot;:&quot;classic&quot;}\">\n\t\t\t<div class=\"elementor-column-wrap elementor-element-populated\">\n\t\t\t\t\t<div class=\"elementor-background-overlay\"><\/div>\n\t\t\t\t\t\t\t<div class=\"elementor-widget-wrap\">\n\t\t\t\t\t\t<div class=\"elementor-element elementor-element-d9f06b2 elementor-position-top elementor-vertical-align-top elementor-widget elementor-widget-image-box\" data-id=\"d9f06b2\" data-element_type=\"widget\" data-widget_type=\"image-box.default\">\n\t\t\t\t<div class=\"elementor-widget-container\">\n\t\t\t<div class=\"elementor-image-box-wrapper\"><figure class=\"elementor-image-box-img\"><a href=\"https:\/\/trimet.pl\/en\/oferta\/siatki-zgrzewane\/\"><img width=\"96\" height=\"90\" src=\"https:\/\/trimet.pl\/wp-content\/uploads\/2019\/05\/Group-5614.svg\" class=\"attachment-full size-full\" alt=\"Siatki Zgrzewane\" loading=\"lazy\" \/><\/a><\/figure><div class=\"elementor-image-box-content\"><h3 class=\"elementor-image-box-title\"><a href=\"https:\/\/trimet.pl\/en\/oferta\/siatki-zgrzewane\/\">Welded wire<br>meshes<\/a><\/h3><\/div><\/div>\t\t<\/div>\n\t\t\t\t<\/div>\n\t\t\t\t<div class=\"elementor-element elementor-element-45bb1a7 elementor-widget elementor-widget-aux_button\" data-id=\"45bb1a7\" data-element_type=\"widget\" data-widget_type=\"aux_button.default\">\n\t\t\t\t<div class=\"elementor-widget-container\">\n\t\t\t<a  href=\"https:\/\/trimet.pl\/en\/oferta\/siatki-zgrzewane\/\" target=\"_self\"   class=\"aux-button aux-medium aux-fire-engine-red aux-none aux-uppercase\" ><span class=\"aux-overlay\"><\/span><span class=\"aux-text\">See more<\/span><\/a>\t\t<\/div>\n\t\t\t\t<\/div>\n\t\t\t\t\t\t<\/div>\n\t\t\t\t\t<\/div>\n\t\t<\/div>\n\t\t\t\t<div class=\"aux-parallax-section elementor-column elementor-col-25 elementor-inner-column elementor-element elementor-element-b233479 aux-appear-watch-animation aux-fade-in-up-1\" data-id=\"b233479\" data-element_type=\"column\" data-settings=\"{&quot;background_background&quot;:&quot;classic&quot;}\">\n\t\t\t<div class=\"elementor-column-wrap elementor-element-populated\">\n\t\t\t\t\t<div class=\"elementor-background-overlay\"><\/div>\n\t\t\t\t\t\t\t<div class=\"elementor-widget-wrap\">\n\t\t\t\t\t\t<div class=\"elementor-element elementor-element-c6a38e4 elementor-position-top elementor-vertical-align-top elementor-widget elementor-widget-image-box\" data-id=\"c6a38e4\" data-element_type=\"widget\" data-widget_type=\"image-box.default\">\n\t\t\t\t<div class=\"elementor-widget-container\">\n\t\t\t<div class=\"elementor-image-box-wrapper\"><figure class=\"elementor-image-box-img\"><a href=\"https:\/\/trimet.pl\/en\/oferta\/gabiony-trimet\/\"><img width=\"90\" height=\"90\" src=\"https:\/\/trimet.pl\/wp-content\/uploads\/2019\/05\/Path-8314.svg\" class=\"attachment-full size-full\" alt=\"Gabiony\" loading=\"lazy\" srcset=\"https:\/\/trimet.pl\/wp-content\/uploads\/\/2019\/05\/Path-8314.svg 150w, https:\/\/trimet.pl\/wp-content\/uploads\/\/2019\/05\/Path-8314.svg 300w, https:\/\/trimet.pl\/wp-content\/uploads\/\/2019\/05\/Path-8314.svg 768w, https:\/\/trimet.pl\/wp-content\/uploads\/\/2019\/05\/Path-8314.svg 1024w, https:\/\/trimet.pl\/wp-content\/uploads\/\/2019\/05\/Path-8314.svg 90w\" sizes=\"(max-width: 90px) 100vw, 90px\" \/><\/a><\/figure><div class=\"elementor-image-box-content\"><h3 class=\"elementor-image-box-title translation-block\">Custom-made <br> gabions<\/h3><\/div><\/div>\t\t<\/div>\n\t\t\t\t<\/div>\n\t\t\t\t<div class=\"elementor-element elementor-element-6ce8803 elementor-widget elementor-widget-aux_button\" data-id=\"6ce8803\" data-element_type=\"widget\" data-widget_type=\"aux_button.default\">\n\t\t\t\t<div class=\"elementor-widget-container\">\n\t\t\t<a  href=\"https:\/\/trimet.pl\/en\/oferta\/gabiony-trimet\/\" target=\"_self\"   class=\"aux-button aux-medium aux-fire-engine-red aux-none aux-uppercase\" ><span class=\"aux-overlay\"><\/span><span class=\"aux-text\">See more<\/span><\/a>\t\t<\/div>\n\t\t\t\t<\/div>\n\t\t\t\t\t\t<\/div>\n\t\t\t\t\t<\/div>\n\t\t<\/div>\n\t\t\t\t\t\t\t\t<\/div>\n\t\t\t\t\t<\/div>\n\t\t<\/section>\n\t\t\t\t\t\t<\/div>\n\t\t\t\t\t<\/div>\n\t\t<\/div>\n\t\t\t\t\t\t\t\t<\/div>\n\t\t\t\t\t<\/div>\n\t\t<\/section>\n\t\t\t\t<section class=\"elementor-section elementor-top-section elementor-element elementor-element-73007ac naglowek aux-appear-watch-animation aux-fade-in-up-1 elementor-section-boxed elementor-section-height-default elementor-section-height-default\" data-id=\"73007ac\" data-element_type=\"section\">\n\t\t\t\t\t\t<div class=\"elementor-container elementor-column-gap-wider\">\n\t\t\t\t\t\t\t<div class=\"elementor-row\">\n\t\t\t\t\t<div class=\"aux-parallax-section elementor-column elementor-col-50 elementor-top-column elementor-element elementor-element-1b14122\" data-id=\"1b14122\" data-element_type=\"column\">\n\t\t\t<div class=\"elementor-column-wrap elementor-element-populated\">\n\t\t\t\t\t\t\t<div class=\"elementor-widget-wrap\">\n\t\t\t\t\t\t<div class=\"elementor-element elementor-element-61cafaa elementor-widget elementor-widget-heading\" data-id=\"61cafaa\" data-element_type=\"widget\" data-widget_type=\"heading.default\">\n\t\t\t\t<div class=\"elementor-widget-container\">\n\t\t\t<h1 class=\"elementor-heading-title elementor-size-default\">What do we do at Trimet?<\/h1>\t\t<\/div>\n\t\t\t\t<\/div>\n\t\t\t\t<div class=\"elementor-element elementor-element-be26ae3 elementor-widget-divider--view-line elementor-widget elementor-widget-divider\" data-id=\"be26ae3\" data-element_type=\"widget\" data-widget_type=\"divider.default\">\n\t\t\t\t<div class=\"elementor-widget-container\">\n\t\t\t\t\t<div class=\"elementor-divider\">\n\t\t\t<span class=\"elementor-divider-separator\">\n\t\t\t\t\t\t<\/span>\n\t\t<\/div>\n\t\t\t\t<\/div>\n\t\t\t\t<\/div>\n\t\t\t\t<div class=\"elementor-element elementor-element-5b88aa4 elementor-widget elementor-widget-text-editor\" data-id=\"5b88aa4\" data-element_type=\"widget\" data-widget_type=\"text-editor.default\">\n\t\t\t\t<div class=\"elementor-widget-container\">\n\t\t\t\t\t<div class=\"elementor-text-editor elementor-clearfix\"><p>Our company focuses on metalworking. We use WaterJet technique for precise cutting of materials. Trimet manufactures a wide range of metal elements designed for all types of yachts. We also produce welded wire meshes in different sizes and thicknesses, which are used for our gabions as well.<\/p><p>Our services are available for individuals, local businesses and companies from abroad.<\/p><\/div>\n\t\t\t\t<\/div>\n\t\t\t\t<\/div>\n\t\t\t\t\t\t<\/div>\n\t\t\t\t\t<\/div>\n\t\t<\/div>\n\t\t\t\t<div class=\"aux-parallax-section elementor-column elementor-col-50 elementor-top-column elementor-element elementor-element-cb95552 elementor-hidden-tablet elementor-hidden-phone\" data-id=\"cb95552\" data-element_type=\"column\">\n\t\t\t<div class=\"elementor-column-wrap elementor-element-populated\">\n\t\t\t\t\t\t\t<div class=\"elementor-widget-wrap\">\n\t\t\t\t\t\t<div class=\"elementor-element elementor-element-a7dfe42 elementor-widget elementor-widget-image\" data-id=\"a7dfe42\" data-element_type=\"widget\" data-widget_type=\"image.default\">\n\t\t\t\t<div class=\"elementor-widget-container\">\n\t\t\t\t\t<div class=\"elementor-image\">\n\t\t\t\t\t\t\t\t\t\t<img width=\"780\" height=\"691\" src=\"https:\/\/trimet.pl\/wp-content\/uploads\/2019\/05\/Group-5693.png\" class=\"attachment-full size-full\" alt=\"\" loading=\"lazy\" \/>\t\t\t\t\t\t\t\t\t\t\t<\/div>\n\t\t\t\t<\/div>\n\t\t\t\t<\/div>\n\t\t\t\t\t\t<\/div>\n\t\t\t\t\t<\/div>\n\t\t<\/div>\n\t\t\t\t\t\t\t\t<\/div>\n\t\t\t\t\t<\/div>\n\t\t<\/section>\n\t\t\t\t\t\t<\/div>\n\t\t\t\t\t\t<\/div>\n\t\t\t\t\t<\/div>","protected":false},"excerpt":{"rendered":"<p>Produkty i us\u0142ugi Trimet Nasza oferta obejmuje Ci\u0119cie wod\u0105 Waterjet Poka\u017c ofert\u0119 Osprz\u0119t\u017ceglarski Poka\u017c ofert\u0119 Siatkizgrzewane Poka\u017c ofert\u0119 GabionyTrimet Poka\u017c ofert\u0119 Co robi Trimet? Nasza dzia\u0142alno\u015b\u0107 skupia si\u0119 wok\u00f3\u0142 obr\u00f3bki metali. Zajmujemy si\u0119 precyzyjnym ci\u0119ciem r\u00f3\u017cnorodnych materia\u0142\u00f3w z wykorzystaniem metody Waterjet. Produkujemy szerok\u0105 gam\u0119 metalowych element\u00f3w przeznaczonych do wszelkich typ\u00f3w jacht\u00f3w. Wykonujemy r\u00f3wnie\u017c siatki zgrzewane [&hellip;]<\/p>","protected":false},"author":2,"featured_media":0,"parent":0,"menu_order":0,"comment_status":"closed","ping_status":"closed","template":"elementor_header_footer","meta":[],"yoast_head":"<!-- This site is optimized with the Yoast SEO plugin v15.7 - https:\/\/yoast.com\/wordpress\/plugins\/seo\/ -->\n<title>Oferta - Trimet \/ Waterjet<\/title>\n<meta name=\"robots\" content=\"index, follow, max-snippet:-1, max-image-preview:large, max-video-preview:-1\" \/>\n<link rel=\"canonical\" href=\"https:\/\/trimet.pl\/en\/oferta\/\" \/>\n<meta property=\"og:locale\" content=\"en_GB\" \/>\n<meta property=\"og:type\" content=\"article\" \/>\n<meta property=\"og:title\" content=\"Oferta - Trimet \/ Waterjet\" \/>\n<meta property=\"og:description\" content=\"Produkty i us\u0142ugi Trimet Nasza oferta obejmuje Ci\u0119cie wod\u0105 Waterjet Poka\u017c ofert\u0119 Osprz\u0119t\u017ceglarski Poka\u017c ofert\u0119 Siatkizgrzewane Poka\u017c ofert\u0119 GabionyTrimet Poka\u017c ofert\u0119 Co robi Trimet? Nasza dzia\u0142alno\u015b\u0107 skupia si\u0119 wok\u00f3\u0142 obr\u00f3bki metali. Zajmujemy si\u0119 precyzyjnym ci\u0119ciem r\u00f3\u017cnorodnych materia\u0142\u00f3w z wykorzystaniem metody Waterjet. Produkujemy szerok\u0105 gam\u0119 metalowych element\u00f3w przeznaczonych do wszelkich typ\u00f3w jacht\u00f3w. Wykonujemy r\u00f3wnie\u017c siatki zgrzewane [&hellip;]\" \/>\n<meta property=\"og:url\" content=\"https:\/\/trimet.pl\/en\/oferta\/\" \/>\n<meta property=\"og:site_name\" content=\"Trimet \/ Waterjet\" \/>\n<meta property=\"article:modified_time\" content=\"2019-05-14T13:14:54+00:00\" \/>\n<meta property=\"og:image\" content=\"https:\/\/trimet.biz\/wp-content\/uploads\/2019\/05\/Group-188.svg\" \/>\n<meta name=\"twitter:card\" content=\"summary_large_image\" \/>\n<script type=\"application\/ld+json\" class=\"yoast-schema-graph\">{\"@context\":\"https:\/\/schema.org\",\"@graph\":[{\"@type\":\"WebSite\",\"@id\":\"https:\/\/trimet.pl\/#website\",\"url\":\"https:\/\/trimet.pl\/\",\"name\":\"Trimet \/ Waterjet\",\"description\":\"- ci\\u0119cie wod\\u0105, osprz\\u0119t \\u017ceglarski, gabiony, siatki zgrzewane \/ Radom\",\"potentialAction\":[{\"@type\":\"SearchAction\",\"target\":\"https:\/\/trimet.pl\/?s={search_term_string}\",\"query-input\":\"required name=search_term_string\"}],\"inLanguage\":\"en-GB\"},{\"@type\":\"ImageObject\",\"@id\":\"https:\/\/trimet.pl\/oferta\/#primaryimage\",\"inLanguage\":\"en-GB\",\"url\":\"https:\/\/trimet.biz\/wp-content\/uploads\/2019\/05\/Group-188.svg\"},{\"@type\":\"WebPage\",\"@id\":\"https:\/\/trimet.pl\/oferta\/#webpage\",\"url\":\"https:\/\/trimet.pl\/oferta\/\",\"name\":\"Oferta - Trimet \/ Waterjet\",\"isPartOf\":{\"@id\":\"https:\/\/trimet.pl\/#website\"},\"primaryImageOfPage\":{\"@id\":\"https:\/\/trimet.pl\/oferta\/#primaryimage\"},\"datePublished\":\"2019-04-29T13:29:49+00:00\",\"dateModified\":\"2019-05-14T13:14:54+00:00\",\"breadcrumb\":{\"@id\":\"https:\/\/trimet.pl\/oferta\/#breadcrumb\"},\"inLanguage\":\"en-GB\",\"potentialAction\":[{\"@type\":\"ReadAction\",\"target\":[\"https:\/\/trimet.pl\/oferta\/\"]}]},{\"@type\":\"BreadcrumbList\",\"@id\":\"https:\/\/trimet.pl\/oferta\/#breadcrumb\",\"itemListElement\":[{\"@type\":\"ListItem\",\"position\":1,\"item\":{\"@type\":\"WebPage\",\"@id\":\"https:\/\/trimet.pl\/\",\"url\":\"https:\/\/trimet.pl\/\",\"name\":\"Strona g\\u0142\\u00f3wna\"}},{\"@type\":\"ListItem\",\"position\":2,\"item\":{\"@type\":\"WebPage\",\"@id\":\"https:\/\/trimet.pl\/oferta\/\",\"url\":\"https:\/\/trimet.pl\/oferta\/\",\"name\":\"Oferta\"}}]}]}<\/script>\n<!-- \/ Yoast SEO plugin. -->","_links":{"self":[{"href":"https:\/\/trimet.pl\/en\/wp-json\/wp\/v2\/pages\/39"}],"collection":[{"href":"https:\/\/trimet.pl\/en\/wp-json\/wp\/v2\/pages"}],"about":[{"href":"https:\/\/trimet.pl\/en\/wp-json\/wp\/v2\/types\/page"}],"author":[{"embeddable":true,"href":"https:\/\/trimet.pl\/en\/wp-json\/wp\/v2\/users\/2"}],"replies":[{"embeddable":true,"href":"https:\/\/trimet.pl\/en\/wp-json\/wp\/v2\/comments?post=39"}],"version-history":[{"count":18,"href":"https:\/\/trimet.pl\/en\/wp-json\/wp\/v2\/pages\/39\/revisions"}],"predecessor-version":[{"id":1245,"href":"https:\/\/trimet.pl\/en\/wp-json\/wp\/v2\/pages\/39\/revisions\/1245"}],"wp:attachment":[{"href":"https:\/\/trimet.pl\/en\/wp-json\/wp\/v2\/media?parent=39"}],"curies":[{"name":"wp","href":"https:\/\/api.w.org\/{rel}","templated":true}]}}