{"id":37,"date":"2019-04-29T15:29:35","date_gmt":"2019-04-29T13:29:35","guid":{"rendered":"https:\/\/trimet.biz\/?page_id=37"},"modified":"2019-05-16T14:43:50","modified_gmt":"2019-05-16T12:43:50","slug":"o-trimet","status":"publish","type":"page","link":"https:\/\/trimet.pl\/en\/o-trimet\/","title":{"rendered":"About Trimet"},"content":{"rendered":"<div data-elementor-type=\"wp-post\" data-elementor-id=\"37\" class=\"elementor elementor-37\" data-elementor-settings=\"[]\">\n\t\t\t\t\t\t<div class=\"elementor-inner\">\n\t\t\t\t\t\t\t<div class=\"elementor-section-wrap\">\n\t\t\t\t\t\t\t<section class=\"elementor-section elementor-top-section elementor-element elementor-element-77a67f1 naglowek elementor-section-boxed elementor-section-height-default elementor-section-height-default\" data-id=\"77a67f1\" data-element_type=\"section\">\n\t\t\t\t\t\t<div class=\"elementor-container elementor-column-gap-wider\">\n\t\t\t\t\t\t\t<div class=\"elementor-row\">\n\t\t\t\t\t<div class=\"aux-parallax-section elementor-column elementor-col-100 elementor-top-column elementor-element elementor-element-8fd47be\" data-id=\"8fd47be\" data-element_type=\"column\">\n\t\t\t<div class=\"elementor-column-wrap elementor-element-populated\">\n\t\t\t\t\t\t\t<div class=\"elementor-widget-wrap\">\n\t\t\t\t\t\t<div class=\"elementor-element elementor-element-a68efeb elementor-widget elementor-widget-heading\" data-id=\"a68efeb\" data-element_type=\"widget\" data-widget_type=\"heading.default\">\n\t\t\t\t<div class=\"elementor-widget-container\">\n\t\t\t<h1 class=\"elementor-heading-title elementor-size-default\">About Trimet<\/h1>\t\t<\/div>\n\t\t\t\t<\/div>\n\t\t\t\t<div class=\"elementor-element elementor-element-bb7805f elementor-widget-divider--view-line elementor-widget elementor-widget-divider\" data-id=\"bb7805f\" data-element_type=\"widget\" data-widget_type=\"divider.default\">\n\t\t\t\t<div class=\"elementor-widget-container\">\n\t\t\t\t\t<div class=\"elementor-divider\">\n\t\t\t<span class=\"elementor-divider-separator\">\n\t\t\t\t\t\t<\/span>\n\t\t<\/div>\n\t\t\t\t<\/div>\n\t\t\t\t<\/div>\n\t\t\t\t<div class=\"elementor-element elementor-element-63a07e9 elementor-widget elementor-widget-heading\" data-id=\"63a07e9\" data-element_type=\"widget\" data-widget_type=\"heading.default\">\n\t\t\t\t<div class=\"elementor-widget-container\">\n\t\t\t<h2 class=\"elementor-heading-title elementor-size-default\">Our company manufactures nautical equipment, welded wire meshes and gabions. We offer Waterjet cutting with water. <\/h2>\t\t<\/div>\n\t\t\t\t<\/div>\n\t\t\t\t<div class=\"elementor-element elementor-element-c55635e elementor-widget elementor-widget-text-editor\" data-id=\"c55635e\" data-element_type=\"widget\" data-widget_type=\"text-editor.default\">\n\t\t\t\t<div class=\"elementor-widget-container\">\n\t\t\t\t\t<div class=\"elementor-text-editor elementor-clearfix\"><p><span style=\"font-weight: 400;\">In 1995 Jaros\u0142aw August and Eugeniusz B\u0105k merged different metal manufacturing companies and established Trimet - a family business which soon became big company of international concern. Our services are appreciated all over the world thanks to professional employees and our company policy to develop continuously.<\/span><\/p><p><span style=\"font-weight: 400;\">The main specialty of Trimet is metalworking. We launch innovative solutions because of our great experience. That is why our company is one of the very few in Poland that offers <\/span><b>Waterjet cutting technology<\/b><span style=\"font-weight: 400;\">. We manufactre a wide range of high quality nautical equipment. In response to our clients' needs Trimet constantly develops range of services by producing gabions and welded wire meshes. <\/span><\/p><p><span style=\"font-weight: 400;\">You can meet us at <\/span><b>yachting and gardening fairs<\/b><span style=\"font-weight: 400;\">, where we present our high quality products and answer all Your questions. We really enjoy such events, because we can share our passion about metalworking and meet people with the same intrests, eager to learn new interesting solutions.<\/span><\/p><\/div>\n\t\t\t\t<\/div>\n\t\t\t\t<\/div>\n\t\t\t\t\t\t<\/div>\n\t\t\t\t\t<\/div>\n\t\t<\/div>\n\t\t\t\t<div class=\"aux-parallax-section elementor-column elementor-col-100 elementor-top-column elementor-element elementor-element-e44b2f1 elementor-hidden-tablet elementor-hidden-phone\" data-id=\"e44b2f1\" data-element_type=\"column\">\n\t\t\t<div class=\"elementor-column-wrap elementor-element-populated\">\n\t\t\t\t\t\t\t<div class=\"elementor-widget-wrap\">\n\t\t\t\t\t\t<div class=\"elementor-element elementor-element-c750931 elementor-widget elementor-widget-image\" data-id=\"c750931\" data-element_type=\"widget\" data-widget_type=\"image.default\">\n\t\t\t\t<div class=\"elementor-widget-container\">\n\t\t\t\t\t<div class=\"elementor-image\">\n\t\t\t\t\t\t\t\t\t\t<img src=\"https:\/\/trimet.pl\/wp-content\/uploads\/elementor\/thumbs\/2013_Ahmanson_Cup_Regatta_yacht_Zapata_II_b_photo_D_Ramey_Logan-o7stvdkrus7khqsyc1u1nnrz7q5iketr4bw2iwenkw.jpg\" title=\"2013_Ahmanson_Cup_Regatta_yacht_Zapata_II_b_photo_D_Ramey_Logan\" alt=\"2013_Ahmanson_Cup_Regatta_yacht_Zapata_II_b_photo_D_Ramey_Logan\" \/>\t\t\t\t\t\t\t\t\t\t\t<\/div>\n\t\t\t\t<\/div>\n\t\t\t\t<\/div>\n\t\t\t\t\t\t<\/div>\n\t\t\t\t\t<\/div>\n\t\t<\/div>\n\t\t\t\t\t\t\t\t<\/div>\n\t\t\t\t\t<\/div>\n\t\t<\/section>\n\t\t\t\t<section class=\"elementor-section elementor-top-section elementor-element elementor-element-aa16eb6 naglowek elementor-section-boxed elementor-section-height-default elementor-section-height-default\" data-id=\"aa16eb6\" data-element_type=\"section\">\n\t\t\t\t\t\t<div class=\"elementor-container elementor-column-gap-default\">\n\t\t\t\t\t\t\t<div class=\"elementor-row\">\n\t\t\t\t\t<div class=\"aux-parallax-section elementor-column elementor-col-100 elementor-top-column elementor-element elementor-element-d960d1f\" data-id=\"d960d1f\" data-element_type=\"column\">\n\t\t\t<div class=\"elementor-column-wrap elementor-element-populated\">\n\t\t\t\t\t\t\t<div class=\"elementor-widget-wrap\">\n\t\t\t\t\t\t<div class=\"elementor-element elementor-element-3c2b68d elementor-widget elementor-widget-heading\" data-id=\"3c2b68d\" data-element_type=\"widget\" data-widget_type=\"heading.default\">\n\t\t\t\t<div class=\"elementor-widget-container\">\n\t\t\t<h2 class=\"elementor-heading-title elementor-size-default\">What makes Trimet special?<\/h2>\t\t<\/div>\n\t\t\t\t<\/div>\n\t\t\t\t<div class=\"elementor-element elementor-element-9b56c7f elementor-widget-divider--view-line elementor-widget elementor-widget-divider\" data-id=\"9b56c7f\" data-element_type=\"widget\" data-widget_type=\"divider.default\">\n\t\t\t\t<div class=\"elementor-widget-container\">\n\t\t\t\t\t<div class=\"elementor-divider\">\n\t\t\t<span class=\"elementor-divider-separator\">\n\t\t\t\t\t\t<\/span>\n\t\t<\/div>\n\t\t\t\t<\/div>\n\t\t\t\t<\/div>\n\t\t\t\t\t\t<\/div>\n\t\t\t\t\t<\/div>\n\t\t<\/div>\n\t\t\t\t\t\t\t\t<\/div>\n\t\t\t\t\t<\/div>\n\t\t<\/section>\n\t\t\t\t<section class=\"elementor-section elementor-top-section elementor-element elementor-element-00bc5a8 elementor-section-height-min-height elementor-section-items-top elementor-section-boxed elementor-section-height-default\" data-id=\"00bc5a8\" data-element_type=\"section\" data-settings=\"{&quot;background_background&quot;:&quot;classic&quot;}\">\n\t\t\t\t\t\t<div class=\"elementor-container elementor-column-gap-default\">\n\t\t\t\t\t\t\t<div class=\"elementor-row\">\n\t\t\t\t\t<div class=\"aux-parallax-section elementor-column elementor-col-25 elementor-top-column elementor-element elementor-element-4243eb0\" data-id=\"4243eb0\" data-element_type=\"column\">\n\t\t\t<div class=\"elementor-column-wrap elementor-element-populated\">\n\t\t\t\t\t\t\t<div class=\"elementor-widget-wrap\">\n\t\t\t\t\t\t<div class=\"elementor-element elementor-element-32e4201 elementor-position-top elementor-vertical-align-top elementor-widget elementor-widget-image-box\" data-id=\"32e4201\" data-element_type=\"widget\" data-widget_type=\"image-box.default\">\n\t\t\t\t<div class=\"elementor-widget-container\">\n\t\t\t<div class=\"elementor-image-box-wrapper\"><figure class=\"elementor-image-box-img\"><img width=\"118\" height=\"114\" src=\"https:\/\/trimet.pl\/wp-content\/uploads\/2019\/05\/Group-5638.svg\" class=\"attachment-full size-full\" alt=\"Terminowo\u015b\u0107\" loading=\"lazy\" \/><\/figure><div class=\"elementor-image-box-content\"><h3 class=\"elementor-image-box-title\">Promptness<br>and precision <\/h3><\/div><\/div>\t\t<\/div>\n\t\t\t\t<\/div>\n\t\t\t\t\t\t<\/div>\n\t\t\t\t\t<\/div>\n\t\t<\/div>\n\t\t\t\t<div class=\"aux-parallax-section elementor-column elementor-col-25 elementor-top-column elementor-element elementor-element-643ed1b\" data-id=\"643ed1b\" data-element_type=\"column\">\n\t\t\t<div class=\"elementor-column-wrap elementor-element-populated\">\n\t\t\t\t\t\t\t<div class=\"elementor-widget-wrap\">\n\t\t\t\t\t\t<div class=\"elementor-element elementor-element-5ed11ee elementor-position-top elementor-vertical-align-top elementor-widget elementor-widget-image-box\" data-id=\"5ed11ee\" data-element_type=\"widget\" data-widget_type=\"image-box.default\">\n\t\t\t\t<div class=\"elementor-widget-container\">\n\t\t\t<div class=\"elementor-image-box-wrapper\"><figure class=\"elementor-image-box-img\"><img width=\"110\" height=\"112\" src=\"https:\/\/trimet.pl\/wp-content\/uploads\/2019\/05\/002-tracking.svg\" class=\"attachment-full size-full\" alt=\"Precyzja\" loading=\"lazy\" \/><\/figure><div class=\"elementor-image-box-content\"><h3 class=\"elementor-image-box-title\">World class<br>level<\/h3><\/div><\/div>\t\t<\/div>\n\t\t\t\t<\/div>\n\t\t\t\t\t\t<\/div>\n\t\t\t\t\t<\/div>\n\t\t<\/div>\n\t\t\t\t<div class=\"aux-parallax-section elementor-column elementor-col-25 elementor-top-column elementor-element elementor-element-4072b5b\" data-id=\"4072b5b\" data-element_type=\"column\">\n\t\t\t<div class=\"elementor-column-wrap elementor-element-populated\">\n\t\t\t\t\t\t\t<div class=\"elementor-widget-wrap\">\n\t\t\t\t\t\t<div class=\"elementor-element elementor-element-3eb5257 elementor-position-top elementor-vertical-align-top elementor-widget elementor-widget-image-box\" data-id=\"3eb5257\" data-element_type=\"widget\" data-widget_type=\"image-box.default\">\n\t\t\t\t<div class=\"elementor-widget-container\">\n\t\t\t<div class=\"elementor-image-box-wrapper\"><figure class=\"elementor-image-box-img\"><img width=\"98\" height=\"112\" src=\"https:\/\/trimet.pl\/wp-content\/uploads\/2019\/05\/001-shipping.svg\" class=\"attachment-full size-full\" alt=\"Dostawa\" loading=\"lazy\" \/><\/figure><div class=\"elementor-image-box-content\"><h3 class=\"elementor-image-box-title\">Premium<br>quality<\/h3><\/div><\/div>\t\t<\/div>\n\t\t\t\t<\/div>\n\t\t\t\t\t\t<\/div>\n\t\t\t\t\t<\/div>\n\t\t<\/div>\n\t\t\t\t<div class=\"aux-parallax-section elementor-column elementor-col-25 elementor-top-column elementor-element elementor-element-2f9894b\" data-id=\"2f9894b\" data-element_type=\"column\">\n\t\t\t<div class=\"elementor-column-wrap\">\n\t\t\t\t\t\t\t<div class=\"elementor-widget-wrap\">\n\t\t\t\t\t\t\t\t<\/div>\n\t\t\t\t\t<\/div>\n\t\t<\/div>\n\t\t\t\t\t\t\t\t<\/div>\n\t\t\t\t\t<\/div>\n\t\t<\/section>\n\t\t\t\t<section class=\"elementor-section elementor-top-section elementor-element elementor-element-ad15a1a elementor-section-boxed elementor-section-height-default elementor-section-height-default\" data-id=\"ad15a1a\" data-element_type=\"section\" data-settings=\"{&quot;background_background&quot;:&quot;classic&quot;}\">\n\t\t\t\t\t\t<div class=\"elementor-container elementor-column-gap-default\">\n\t\t\t\t\t\t\t<div class=\"elementor-row\">\n\t\t\t\t\t<div class=\"aux-parallax-section elementor-column elementor-col-100 elementor-top-column elementor-element elementor-element-20e6516\" data-id=\"20e6516\" data-element_type=\"column\">\n\t\t\t<div class=\"elementor-column-wrap elementor-element-populated\">\n\t\t\t\t\t\t\t<div class=\"elementor-widget-wrap\">\n\t\t\t\t\t\t<section class=\"elementor-section elementor-inner-section elementor-element elementor-element-1bf3689 elementor-section-boxed elementor-section-height-default elementor-section-height-default\" data-id=\"1bf3689\" data-element_type=\"section\">\n\t\t\t\t\t\t<div class=\"elementor-container elementor-column-gap-default\">\n\t\t\t\t\t\t\t<div class=\"elementor-row\">\n\t\t\t\t\t<div class=\"aux-parallax-section elementor-column elementor-col-50 elementor-inner-column elementor-element elementor-element-944fa6c\" data-id=\"944fa6c\" data-element_type=\"column\">\n\t\t\t<div class=\"elementor-column-wrap elementor-element-populated\">\n\t\t\t\t\t\t\t<div class=\"elementor-widget-wrap\">\n\t\t\t\t\t\t<div class=\"elementor-element elementor-element-2ff1469 elementor-widget elementor-widget-heading\" data-id=\"2ff1469\" data-element_type=\"widget\" data-widget_type=\"heading.default\">\n\t\t\t\t<div class=\"elementor-widget-container\">\n\t\t\t<h2 class=\"elementor-heading-title elementor-size-default\">Why Trimet?<\/h2>\t\t<\/div>\n\t\t\t\t<\/div>\n\t\t\t\t<div class=\"elementor-element elementor-element-516aaa1 elementor-widget-divider--view-line elementor-widget elementor-widget-divider\" data-id=\"516aaa1\" data-element_type=\"widget\" data-widget_type=\"divider.default\">\n\t\t\t\t<div class=\"elementor-widget-container\">\n\t\t\t\t\t<div class=\"elementor-divider\">\n\t\t\t<span class=\"elementor-divider-separator\">\n\t\t\t\t\t\t<\/span>\n\t\t<\/div>\n\t\t\t\t<\/div>\n\t\t\t\t<\/div>\n\t\t\t\t<div class=\"elementor-element elementor-element-efde124 elementor-widget elementor-widget-text-editor\" data-id=\"efde124\" data-element_type=\"widget\" data-widget_type=\"text-editor.default\">\n\t\t\t\t<div class=\"elementor-widget-container\">\n\t\t\t\t\t<div class=\"elementor-text-editor elementor-clearfix\"><p><span style=\"font-weight: 400;\">All the products that we offer are based on our original ideas and are produced with innovative solutions. In over 24 years we worked out effective manufacturing techniques. We know exactly which methods and materials to use, so our products reach expectations of our clients.<\/span><\/p><\/div>\n\t\t\t\t<\/div>\n\t\t\t\t<\/div>\n\t\t\t\t\t\t<\/div>\n\t\t\t\t\t<\/div>\n\t\t<\/div>\n\t\t\t\t<div class=\"aux-parallax-section elementor-column elementor-col-50 elementor-inner-column elementor-element elementor-element-4f6dcd8\" data-id=\"4f6dcd8\" data-element_type=\"column\">\n\t\t\t<div class=\"elementor-column-wrap elementor-element-populated\">\n\t\t\t\t\t\t\t<div class=\"elementor-widget-wrap\">\n\t\t\t\t\t\t<div class=\"elementor-element elementor-element-719d4ec elementor-widget elementor-widget-heading\" data-id=\"719d4ec\" data-element_type=\"widget\" data-widget_type=\"heading.default\">\n\t\t\t\t<div class=\"elementor-widget-container\">\n\t\t\t<h2 class=\"elementor-heading-title elementor-size-default\">Our mission<\/h2>\t\t<\/div>\n\t\t\t\t<\/div>\n\t\t\t\t<div class=\"elementor-element elementor-element-b40a0a1 elementor-widget-divider--view-line elementor-widget elementor-widget-divider\" data-id=\"b40a0a1\" data-element_type=\"widget\" data-widget_type=\"divider.default\">\n\t\t\t\t<div class=\"elementor-widget-container\">\n\t\t\t\t\t<div class=\"elementor-divider\">\n\t\t\t<span class=\"elementor-divider-separator\">\n\t\t\t\t\t\t<\/span>\n\t\t<\/div>\n\t\t\t\t<\/div>\n\t\t\t\t<\/div>\n\t\t\t\t<div class=\"elementor-element elementor-element-7f87732 elementor-widget elementor-widget-text-editor\" data-id=\"7f87732\" data-element_type=\"widget\" data-widget_type=\"text-editor.default\">\n\t\t\t\t<div class=\"elementor-widget-container\">\n\t\t\t\t\t<div class=\"elementor-text-editor elementor-clearfix\"><p><span style=\"font-weight: 400;\">Our goal is to use our experience and passion for innovative solutions to make clients' lives easier and more comfortable. We want our services to be well-known for its reliability and premium quality. Trimet's aim is to become one of the greatest supplier of nautical equipment in Poland. We are keeping our standards high.<\/span><\/p><\/div>\n\t\t\t\t<\/div>\n\t\t\t\t<\/div>\n\t\t\t\t\t\t<\/div>\n\t\t\t\t\t<\/div>\n\t\t<\/div>\n\t\t\t\t\t\t\t\t<\/div>\n\t\t\t\t\t<\/div>\n\t\t<\/section>\n\t\t\t\t<section class=\"elementor-section elementor-inner-section elementor-element elementor-element-c6cc090 elementor-section-boxed elementor-section-height-default elementor-section-height-default\" data-id=\"c6cc090\" data-element_type=\"section\">\n\t\t\t\t\t\t<div class=\"elementor-container elementor-column-gap-default\">\n\t\t\t\t\t\t\t<div class=\"elementor-row\">\n\t\t\t\t\t<div class=\"aux-parallax-section elementor-column elementor-col-100 elementor-inner-column elementor-element elementor-element-1c9e163\" data-id=\"1c9e163\" data-element_type=\"column\">\n\t\t\t<div class=\"elementor-column-wrap elementor-element-populated\">\n\t\t\t\t\t\t\t<div class=\"elementor-widget-wrap\">\n\t\t\t\t\t\t<div class=\"elementor-element elementor-element-64befb9 elementor-widget elementor-widget-heading\" data-id=\"64befb9\" data-element_type=\"widget\" data-widget_type=\"heading.default\">\n\t\t\t\t<div class=\"elementor-widget-container\">\n\t\t\t<h2 class=\"elementor-heading-title elementor-size-default\">Our achievements<\/h2>\t\t<\/div>\n\t\t\t\t<\/div>\n\t\t\t\t<div class=\"elementor-element elementor-element-2b19c79 elementor-widget-divider--view-line elementor-widget elementor-widget-divider\" data-id=\"2b19c79\" data-element_type=\"widget\" data-widget_type=\"divider.default\">\n\t\t\t\t<div class=\"elementor-widget-container\">\n\t\t\t\t\t<div class=\"elementor-divider\">\n\t\t\t<span class=\"elementor-divider-separator\">\n\t\t\t\t\t\t<\/span>\n\t\t<\/div>\n\t\t\t\t<\/div>\n\t\t\t\t<\/div>\n\t\t\t\t\t\t<\/div>\n\t\t\t\t\t<\/div>\n\t\t<\/div>\n\t\t\t\t\t\t\t\t<\/div>\n\t\t\t\t\t<\/div>\n\t\t<\/section>\n\t\t\t\t<section class=\"elementor-section elementor-inner-section elementor-element elementor-element-f1160ee elementor-section-boxed elementor-section-height-default elementor-section-height-default\" data-id=\"f1160ee\" data-element_type=\"section\">\n\t\t\t\t\t\t<div class=\"elementor-container elementor-column-gap-default\">\n\t\t\t\t\t\t\t<div class=\"elementor-row\">\n\t\t\t\t\t<div class=\"aux-parallax-section elementor-column elementor-col-33 elementor-inner-column elementor-element elementor-element-0028338\" data-id=\"0028338\" data-element_type=\"column\" data-settings=\"{&quot;background_background&quot;:&quot;classic&quot;}\">\n\t\t\t<div class=\"elementor-column-wrap elementor-element-populated\">\n\t\t\t\t\t\t\t<div class=\"elementor-widget-wrap\">\n\t\t\t\t\t\t<div class=\"elementor-element elementor-element-615bab8 elementor-position-top elementor-vertical-align-top elementor-widget elementor-widget-image-box\" data-id=\"615bab8\" data-element_type=\"widget\" data-widget_type=\"image-box.default\">\n\t\t\t\t<div class=\"elementor-widget-container\">\n\t\t\t<div class=\"elementor-image-box-wrapper\"><figure class=\"elementor-image-box-img\"><img width=\"760\" height=\"499\" src=\"https:\/\/trimet.pl\/wp-content\/uploads\/2019\/05\/nagroda1d.png\" class=\"attachment-large size-large\" alt=\"\" loading=\"lazy\" \/><\/figure><div class=\"elementor-image-box-content\"><h3 class=\"elementor-image-box-title\">Gold Nail of \"Wind and Water\" Fair<\/h3><\/div><\/div>\t\t<\/div>\n\t\t\t\t<\/div>\n\t\t\t\t\t\t<\/div>\n\t\t\t\t\t<\/div>\n\t\t<\/div>\n\t\t\t\t<div class=\"aux-parallax-section elementor-column elementor-col-33 elementor-inner-column elementor-element elementor-element-a532949\" data-id=\"a532949\" data-element_type=\"column\" data-settings=\"{&quot;background_background&quot;:&quot;classic&quot;}\">\n\t\t\t<div class=\"elementor-column-wrap elementor-element-populated\">\n\t\t\t\t\t\t\t<div class=\"elementor-widget-wrap\">\n\t\t\t\t\t\t<div class=\"elementor-element elementor-element-60e24ca elementor-position-top elementor-vertical-align-top elementor-widget elementor-widget-image-box\" data-id=\"60e24ca\" data-element_type=\"widget\" data-widget_type=\"image-box.default\">\n\t\t\t\t<div class=\"elementor-widget-container\">\n\t\t\t<div class=\"elementor-image-box-wrapper\"><figure class=\"elementor-image-box-img\"><img width=\"227\" height=\"696\" src=\"https:\/\/trimet.pl\/wp-content\/uploads\/2019\/05\/nagroda2d.png\" class=\"attachment-full size-full\" alt=\"\" loading=\"lazy\" \/><\/figure><div class=\"elementor-image-box-content\"><h3 class=\"elementor-image-box-title\">Gold Medal of BOATSHOW 2007 Fair<\/h3><\/div><\/div>\t\t<\/div>\n\t\t\t\t<\/div>\n\t\t\t\t\t\t<\/div>\n\t\t\t\t\t<\/div>\n\t\t<\/div>\n\t\t\t\t<div class=\"aux-parallax-section elementor-column elementor-col-33 elementor-inner-column elementor-element elementor-element-7ba1388\" data-id=\"7ba1388\" data-element_type=\"column\">\n\t\t\t<div class=\"elementor-column-wrap\">\n\t\t\t\t\t\t\t<div class=\"elementor-widget-wrap\">\n\t\t\t\t\t\t\t\t<\/div>\n\t\t\t\t\t<\/div>\n\t\t<\/div>\n\t\t\t\t\t\t\t\t<\/div>\n\t\t\t\t\t<\/div>\n\t\t<\/section>\n\t\t\t\t\t\t<\/div>\n\t\t\t\t\t<\/div>\n\t\t<\/div>\n\t\t\t\t\t\t\t\t<\/div>\n\t\t\t\t\t<\/div>\n\t\t<\/section>\n\t\t\t\t\t\t<\/div>\n\t\t\t\t\t\t<\/div>\n\t\t\t\t\t<\/div>","protected":false},"excerpt":{"rendered":"<p>O firmie Trimet Jeste\u015bmy producentem osprz\u0119tu \u017ceglarskiego. Produkujemy r\u00f3wnie\u017c siatki zgrzewane oraz gabiony. Oferujemy ci\u0119cie wod\u0105 WaterJet. Wszystko zacz\u0119\u0142o si\u0119 w 1995 roku. W\u0142a\u015bnie wtedy Jaros\u0142aw August i Eugeniusz B\u0105k po\u0142\u0105czyli zak\u0142ady produkcyjne tworz\u0105c Trimet. Pocz\u0105tkowo rodzinny biznes szybko rozwin\u0105\u0142 si\u0119 w du\u017c\u0105 firm\u0119 o \u015bwiatowym zasi\u0119gu. Ju\u017c teraz nasza dzia\u0142alno\u015b\u0107 jest doceniana r\u00f3wnie\u017c poza [&hellip;]<\/p>","protected":false},"author":2,"featured_media":0,"parent":0,"menu_order":0,"comment_status":"closed","ping_status":"closed","template":"elementor_header_footer","meta":[],"yoast_head":"<!-- This site is optimized with the Yoast SEO plugin v15.7 - https:\/\/yoast.com\/wordpress\/plugins\/seo\/ -->\n<title>O Trimet - Trimet \/ Waterjet<\/title>\n<meta name=\"robots\" content=\"index, follow, max-snippet:-1, max-image-preview:large, max-video-preview:-1\" \/>\n<link rel=\"canonical\" href=\"https:\/\/trimet.pl\/en\/o-trimet\/\" \/>\n<meta property=\"og:locale\" content=\"en_GB\" \/>\n<meta property=\"og:type\" content=\"article\" \/>\n<meta property=\"og:title\" content=\"O Trimet - Trimet \/ Waterjet\" \/>\n<meta property=\"og:description\" content=\"O firmie Trimet Jeste\u015bmy producentem osprz\u0119tu \u017ceglarskiego. Produkujemy r\u00f3wnie\u017c siatki zgrzewane oraz gabiony. Oferujemy ci\u0119cie wod\u0105 WaterJet. Wszystko zacz\u0119\u0142o si\u0119 w 1995 roku. W\u0142a\u015bnie wtedy Jaros\u0142aw August i Eugeniusz B\u0105k po\u0142\u0105czyli zak\u0142ady produkcyjne tworz\u0105c Trimet. Pocz\u0105tkowo rodzinny biznes szybko rozwin\u0105\u0142 si\u0119 w du\u017c\u0105 firm\u0119 o \u015bwiatowym zasi\u0119gu. Ju\u017c teraz nasza dzia\u0142alno\u015b\u0107 jest doceniana r\u00f3wnie\u017c poza [&hellip;]\" \/>\n<meta property=\"og:url\" content=\"https:\/\/trimet.pl\/en\/o-trimet\/\" \/>\n<meta property=\"og:site_name\" content=\"Trimet \/ Waterjet\" \/>\n<meta property=\"article:modified_time\" content=\"2019-05-16T12:43:50+00:00\" \/>\n<meta property=\"og:image\" content=\"https:\/\/trimet.pl\/wp-content\/uploads\/elementor\/thumbs\/2013_Ahmanson_Cup_Regatta_yacht_Zapata_II_b_photo_D_Ramey_Logan-o7stvdkrus7khqsyc1u1nnrz7q5iketr4bw2iwenkw.jpg\" \/>\n<meta name=\"twitter:card\" content=\"summary_large_image\" \/>\n<meta name=\"twitter:label1\" content=\"Estimated reading time\">\n\t<meta name=\"twitter:data1\" content=\"2 minutes\">\n<script type=\"application\/ld+json\" class=\"yoast-schema-graph\">{\"@context\":\"https:\/\/schema.org\",\"@graph\":[{\"@type\":\"WebSite\",\"@id\":\"https:\/\/trimet.pl\/#website\",\"url\":\"https:\/\/trimet.pl\/\",\"name\":\"Trimet \/ Waterjet\",\"description\":\"- ci\\u0119cie wod\\u0105, osprz\\u0119t \\u017ceglarski, gabiony, siatki zgrzewane \/ Radom\",\"potentialAction\":[{\"@type\":\"SearchAction\",\"target\":\"https:\/\/trimet.pl\/?s={search_term_string}\",\"query-input\":\"required name=search_term_string\"}],\"inLanguage\":\"en-GB\"},{\"@type\":\"ImageObject\",\"@id\":\"https:\/\/trimet.pl\/o-trimet\/#primaryimage\",\"inLanguage\":\"en-GB\",\"url\":\"https:\/\/trimet.pl\/wp-content\/uploads\/elementor\/thumbs\/2013_Ahmanson_Cup_Regatta_yacht_Zapata_II_b_photo_D_Ramey_Logan-o7stvdkrus7khqsyc1u1nnrz7q5iketr4bw2iwenkw.jpg\"},{\"@type\":\"WebPage\",\"@id\":\"https:\/\/trimet.pl\/o-trimet\/#webpage\",\"url\":\"https:\/\/trimet.pl\/o-trimet\/\",\"name\":\"O Trimet - Trimet \/ Waterjet\",\"isPartOf\":{\"@id\":\"https:\/\/trimet.pl\/#website\"},\"primaryImageOfPage\":{\"@id\":\"https:\/\/trimet.pl\/o-trimet\/#primaryimage\"},\"datePublished\":\"2019-04-29T13:29:35+00:00\",\"dateModified\":\"2019-05-16T12:43:50+00:00\",\"breadcrumb\":{\"@id\":\"https:\/\/trimet.pl\/o-trimet\/#breadcrumb\"},\"inLanguage\":\"en-GB\",\"potentialAction\":[{\"@type\":\"ReadAction\",\"target\":[\"https:\/\/trimet.pl\/o-trimet\/\"]}]},{\"@type\":\"BreadcrumbList\",\"@id\":\"https:\/\/trimet.pl\/o-trimet\/#breadcrumb\",\"itemListElement\":[{\"@type\":\"ListItem\",\"position\":1,\"item\":{\"@type\":\"WebPage\",\"@id\":\"https:\/\/trimet.pl\/\",\"url\":\"https:\/\/trimet.pl\/\",\"name\":\"Strona g\\u0142\\u00f3wna\"}},{\"@type\":\"ListItem\",\"position\":2,\"item\":{\"@type\":\"WebPage\",\"@id\":\"https:\/\/trimet.pl\/o-trimet\/\",\"url\":\"https:\/\/trimet.pl\/o-trimet\/\",\"name\":\"O Trimet\"}}]}]}<\/script>\n<!-- \/ Yoast SEO plugin. -->","_links":{"self":[{"href":"https:\/\/trimet.pl\/en\/wp-json\/wp\/v2\/pages\/37"}],"collection":[{"href":"https:\/\/trimet.pl\/en\/wp-json\/wp\/v2\/pages"}],"about":[{"href":"https:\/\/trimet.pl\/en\/wp-json\/wp\/v2\/types\/page"}],"author":[{"embeddable":true,"href":"https:\/\/trimet.pl\/en\/wp-json\/wp\/v2\/users\/2"}],"replies":[{"embeddable":true,"href":"https:\/\/trimet.pl\/en\/wp-json\/wp\/v2\/comments?post=37"}],"version-history":[{"count":32,"href":"https:\/\/trimet.pl\/en\/wp-json\/wp\/v2\/pages\/37\/revisions"}],"predecessor-version":[{"id":1536,"href":"https:\/\/trimet.pl\/en\/wp-json\/wp\/v2\/pages\/37\/revisions\/1536"}],"wp:attachment":[{"href":"https:\/\/trimet.pl\/en\/wp-json\/wp\/v2\/media?parent=37"}],"curies":[{"name":"wp","href":"https:\/\/api.w.org\/{rel}","templated":true}]}}