{"id":1607,"date":"2019-07-16T15:50:06","date_gmt":"2019-07-16T13:50:06","guid":{"rendered":"https:\/\/trimet.pl\/?page_id=1607"},"modified":"2019-07-16T16:06:10","modified_gmt":"2019-07-16T14:06:10","slug":"wylewka-wodospadowa-60-cm","status":"publish","type":"page","link":"https:\/\/trimet.pl\/en\/oferta\/wylewka-wodospadowa-60-cm\/","title":{"rendered":"Wylewka wodospadowa (60 cm)"},"content":{"rendered":"<div data-elementor-type=\"wp-post\" data-elementor-id=\"1607\" class=\"elementor elementor-1607\" data-elementor-settings=\"[]\">\n\t\t\t\t\t\t<div class=\"elementor-inner\">\n\t\t\t\t\t\t\t<div class=\"elementor-section-wrap\">\n\t\t\t\t\t\t\t<section class=\"elementor-section elementor-top-section elementor-element elementor-element-6be58ac elementor-section-boxed elementor-section-height-default elementor-section-height-default\" data-id=\"6be58ac\" data-element_type=\"section\">\n\t\t\t\t\t\t<div class=\"elementor-container elementor-column-gap-wide\">\n\t\t\t\t\t\t\t<div class=\"elementor-row\">\n\t\t\t\t\t<div class=\"aux-parallax-section elementor-column elementor-col-100 elementor-top-column elementor-element elementor-element-b0fad0a\" data-id=\"b0fad0a\" data-element_type=\"column\">\n\t\t\t<div class=\"elementor-column-wrap elementor-element-populated\">\n\t\t\t\t\t\t\t<div class=\"elementor-widget-wrap\">\n\t\t\t\t\t\t<div class=\"elementor-element elementor-element-279f7df elementor-widget elementor-widget-heading\" data-id=\"279f7df\" data-element_type=\"widget\" data-widget_type=\"heading.default\">\n\t\t\t\t<div class=\"elementor-widget-container\">\n\t\t\t<h2 class=\"elementor-heading-title elementor-size-default\">Gabion<\/h2>\t\t<\/div>\n\t\t\t\t<\/div>\n\t\t\t\t<div class=\"elementor-element elementor-element-983e6a1 elementor-widget elementor-widget-heading\" data-id=\"983e6a1\" data-element_type=\"widget\" data-widget_type=\"heading.default\">\n\t\t\t\t<div class=\"elementor-widget-container\">\n\t\t\t<h1 class=\"elementor-heading-title elementor-size-default\">Wylewka wodospadowa<\/h1>\t\t<\/div>\n\t\t\t\t<\/div>\n\t\t\t\t<div class=\"elementor-element elementor-element-57f847d elementor-widget-divider--view-line elementor-widget elementor-widget-divider\" data-id=\"57f847d\" data-element_type=\"widget\" data-widget_type=\"divider.default\">\n\t\t\t\t<div class=\"elementor-widget-container\">\n\t\t\t\t\t<div class=\"elementor-divider\">\n\t\t\t<span class=\"elementor-divider-separator\">\n\t\t\t\t\t\t<\/span>\n\t\t<\/div>\n\t\t\t\t<\/div>\n\t\t\t\t<\/div>\n\t\t\t\t<div class=\"elementor-element elementor-element-291d0fc elementor-widget elementor-widget-heading\" data-id=\"291d0fc\" data-element_type=\"widget\" data-widget_type=\"heading.default\">\n\t\t\t\t<div class=\"elementor-widget-container\">\n\t\t\t<h2 class=\"elementor-heading-title elementor-size-default\">Kaskada wodna ze stali nierdzewnej, jest uniwersalnym rozwi\u0105zaniem dla wszystkich, ceni\u0105cych sobie relaks i wygod\u0119 nie tylko w ogrodzie. <\/h2>\t\t<\/div>\n\t\t\t\t<\/div>\n\t\t\t\t<div class=\"elementor-element elementor-element-601fc29 elementor-widget elementor-widget-heading\" data-id=\"601fc29\" data-element_type=\"widget\" data-widget_type=\"heading.default\">\n\t\t\t\t<div class=\"elementor-widget-container\">\n\t\t\t<p class=\"elementor-heading-title elementor-size-default\">\nDaje wiele mo\u017cliwo\u015bci zastosowania. Nadaje si\u0119 zar\u00f3wno do monta\u017cu w \u015bcianie jak i zbiorniku wodnym, tj. w wodospadzie gabionowym, oczku wodnym czy basenie. \n<br><br>\nUrozmaici krajobraz ka\u017cdej przestrzeni, zapewniaj\u0105c sta\u0142y przep\u0142yw i szum wody. \n<br><br>\nDodatkowy atut to tworzywo, z kt\u00f3rego jest wykonana wlewka. Stal nierdzewna zapobiega powstawaniu zaciek\u00f3w i jest odporna na dzia\u0142anie niesprzyjaj\u0105cych warunk\u00f3w atmosferycznych. Nie musisz martwi\u0107 si\u0119 rdz\u0105. Kaskada jest bardzo trwa\u0142a, s\u0142u\u017cy nabywcom przez d\u0142ugie lata.<\/p>\t\t<\/div>\n\t\t\t\t<\/div>\n\t\t\t\t<section class=\"elementor-section elementor-inner-section elementor-element elementor-element-95adc5d elementor-hidden-desktop elementor-hidden-tablet elementor-hidden-phone elementor-section-boxed elementor-section-height-default elementor-section-height-default\" data-id=\"95adc5d\" data-element_type=\"section\">\n\t\t\t\t\t\t<div class=\"elementor-container elementor-column-gap-default\">\n\t\t\t\t\t\t\t<div class=\"elementor-row\">\n\t\t\t\t\t<div class=\"aux-parallax-section elementor-column elementor-col-100 elementor-inner-column elementor-element elementor-element-b10f821\" data-id=\"b10f821\" data-element_type=\"column\">\n\t\t\t<div class=\"elementor-column-wrap elementor-element-populated\">\n\t\t\t\t\t\t\t<div class=\"elementor-widget-wrap\">\n\t\t\t\t\t\t<div class=\"elementor-element elementor-element-aa906d1 elementor-widget elementor-widget-bdt-table\" data-id=\"aa906d1\" data-element_type=\"widget\" data-widget_type=\"bdt-table.default\">\n\t\t\t\t<div class=\"elementor-widget-container\">\n\t\t\t          <div class=\"bdt-table bdt-table-default-responsive bdt-stripe bdt-data-table\" id=\"bdt-table-aa906d1\" data-settings=\"{&quot;paging&quot;:false,&quot;info&quot;:false,&quot;searching&quot;:false,&quot;ordering&quot;:false}\">\n              \n              \n              <table class=\"table table-bordered table-hover table-condensed\">\n<thead><tr>\n<th title=\"Field #3\" colspan=\"2\">Specifications<\/th>\n<\/tr><\/thead>\n<tbody><tr>\n<td>Width<\/td>\n<td>600 mm<\/td>\n\n<\/tr>\n<tr>\n<td>Wymiary DxSxW<\/td>\n<td>60 x 20.5 x 8 cm<\/td>\n\n<\/tr>\n<tr>\n<td>Waga:<\/td>\n<td>2 kg<\/td>\n\n<\/tr>\n\n<\/tbody><\/table>\n          <\/div>\n            \t\t<\/div>\n\t\t\t\t<\/div>\n\t\t\t\t\t\t<\/div>\n\t\t\t\t\t<\/div>\n\t\t<\/div>\n\t\t\t\t\t\t\t\t<\/div>\n\t\t\t\t\t<\/div>\n\t\t<\/section>\n\t\t\t\t\t\t<\/div>\n\t\t\t\t\t<\/div>\n\t\t<\/div>\n\t\t\t\t<div class=\"aux-parallax-section elementor-column elementor-col-100 elementor-top-column elementor-element elementor-element-3e11eff\" data-id=\"3e11eff\" data-element_type=\"column\">\n\t\t\t<div class=\"elementor-column-wrap elementor-element-populated\">\n\t\t\t\t\t\t\t<div class=\"elementor-widget-wrap\">\n\t\t\t\t\t\t<div class=\"elementor-element elementor-element-9d59a5f elementor-widget elementor-widget-image\" data-id=\"9d59a5f\" data-element_type=\"widget\" data-widget_type=\"image.default\">\n\t\t\t\t<div class=\"elementor-widget-container\">\n\t\t\t\t\t<div class=\"elementor-image\">\n\t\t\t\t\t\t\t\t\t\t<img width=\"1200\" height=\"765\" src=\"https:\/\/trimet.pl\/wp-content\/uploads\/2019\/07\/102_0018.jpg\" class=\"attachment-full size-full\" alt=\"\" loading=\"lazy\" srcset=\"https:\/\/trimet.pl\/wp-content\/uploads\/2019\/07\/102_0018.jpg 1200w, https:\/\/trimet.pl\/wp-content\/uploads\/2019\/07\/102_0018-280x180.jpg 280w\" sizes=\"(max-width: 1200px) 100vw, 1200px\" \/>\t\t\t\t\t\t\t\t\t\t\t<\/div>\n\t\t\t\t<\/div>\n\t\t\t\t<\/div>\n\t\t\t\t\t\t<\/div>\n\t\t\t\t\t<\/div>\n\t\t<\/div>\n\t\t\t\t\t\t\t\t<\/div>\n\t\t\t\t\t<\/div>\n\t\t<\/section>\n\t\t\t\t\t\t<\/div>\n\t\t\t\t\t\t<\/div>\n\t\t\t\t\t<\/div>","protected":false},"excerpt":{"rendered":"<p>Gabion Wylewka wodospadowa Kaskada wodna ze stali nierdzewnej, jest uniwersalnym rozwi\u0105zaniem dla wszystkich, ceni\u0105cych sobie relaks i wygod\u0119 nie tylko w ogrodzie. Daje wiele mo\u017cliwo\u015bci zastosowania. Nadaje si\u0119 zar\u00f3wno do monta\u017cu w \u015bcianie jak i zbiorniku wodnym, tj. w wodospadzie gabionowym, oczku wodnym czy basenie. Urozmaici krajobraz ka\u017cdej przestrzeni, zapewniaj\u0105c sta\u0142y przep\u0142yw i szum wody. [&hellip;]<\/p>","protected":false},"author":2,"featured_media":0,"parent":39,"menu_order":0,"comment_status":"closed","ping_status":"closed","template":"","meta":[],"yoast_head":"<!-- This site is optimized with the Yoast SEO plugin v15.7 - https:\/\/yoast.com\/wordpress\/plugins\/seo\/ -->\n<title>Wylewka wodospadowa (60 cm) - Trimet \/ Waterjet<\/title>\n<meta name=\"robots\" content=\"index, follow, max-snippet:-1, max-image-preview:large, max-video-preview:-1\" \/>\n<link rel=\"canonical\" href=\"https:\/\/trimet.pl\/en\/oferta\/wylewka-wodospadowa-60-cm\/\" \/>\n<meta property=\"og:locale\" content=\"en_GB\" \/>\n<meta property=\"og:type\" content=\"article\" \/>\n<meta property=\"og:title\" content=\"Wylewka wodospadowa (60 cm) - Trimet \/ Waterjet\" \/>\n<meta property=\"og:description\" content=\"Gabion Wylewka wodospadowa Kaskada wodna ze stali nierdzewnej, jest uniwersalnym rozwi\u0105zaniem dla wszystkich, ceni\u0105cych sobie relaks i wygod\u0119 nie tylko w ogrodzie. Daje wiele mo\u017cliwo\u015bci zastosowania. Nadaje si\u0119 zar\u00f3wno do monta\u017cu w \u015bcianie jak i zbiorniku wodnym, tj. w wodospadzie gabionowym, oczku wodnym czy basenie. Urozmaici krajobraz ka\u017cdej przestrzeni, zapewniaj\u0105c sta\u0142y przep\u0142yw i szum wody. [&hellip;]\" \/>\n<meta property=\"og:url\" content=\"https:\/\/trimet.pl\/en\/oferta\/wylewka-wodospadowa-60-cm\/\" \/>\n<meta property=\"og:site_name\" content=\"Trimet \/ Waterjet\" \/>\n<meta property=\"article:modified_time\" content=\"2019-07-16T14:06:10+00:00\" \/>\n<meta property=\"og:image\" content=\"https:\/\/trimet.pl\/wp-content\/uploads\/2019\/07\/102_0018.jpg\" \/>\n<meta name=\"twitter:card\" content=\"summary_large_image\" \/>\n<meta name=\"twitter:label1\" content=\"Estimated reading time\">\n\t<meta name=\"twitter:data1\" content=\"1 minute\">\n<script type=\"application\/ld+json\" class=\"yoast-schema-graph\">{\"@context\":\"https:\/\/schema.org\",\"@graph\":[{\"@type\":\"WebSite\",\"@id\":\"https:\/\/trimet.pl\/#website\",\"url\":\"https:\/\/trimet.pl\/\",\"name\":\"Trimet \/ Waterjet\",\"description\":\"- ci\\u0119cie wod\\u0105, osprz\\u0119t \\u017ceglarski, gabiony, siatki zgrzewane \/ Radom\",\"potentialAction\":[{\"@type\":\"SearchAction\",\"target\":\"https:\/\/trimet.pl\/?s={search_term_string}\",\"query-input\":\"required name=search_term_string\"}],\"inLanguage\":\"en-GB\"},{\"@type\":\"ImageObject\",\"@id\":\"https:\/\/trimet.pl\/oferta\/wylewka-wodospadowa-60-cm\/#primaryimage\",\"inLanguage\":\"en-GB\",\"url\":\"https:\/\/trimet.pl\/wp-content\/uploads\/2019\/07\/102_0018.jpg\",\"width\":1200,\"height\":765},{\"@type\":\"WebPage\",\"@id\":\"https:\/\/trimet.pl\/oferta\/wylewka-wodospadowa-60-cm\/#webpage\",\"url\":\"https:\/\/trimet.pl\/oferta\/wylewka-wodospadowa-60-cm\/\",\"name\":\"Wylewka wodospadowa (60 cm) - Trimet \/ Waterjet\",\"isPartOf\":{\"@id\":\"https:\/\/trimet.pl\/#website\"},\"primaryImageOfPage\":{\"@id\":\"https:\/\/trimet.pl\/oferta\/wylewka-wodospadowa-60-cm\/#primaryimage\"},\"datePublished\":\"2019-07-16T13:50:06+00:00\",\"dateModified\":\"2019-07-16T14:06:10+00:00\",\"breadcrumb\":{\"@id\":\"https:\/\/trimet.pl\/oferta\/wylewka-wodospadowa-60-cm\/#breadcrumb\"},\"inLanguage\":\"en-GB\",\"potentialAction\":[{\"@type\":\"ReadAction\",\"target\":[\"https:\/\/trimet.pl\/oferta\/wylewka-wodospadowa-60-cm\/\"]}]},{\"@type\":\"BreadcrumbList\",\"@id\":\"https:\/\/trimet.pl\/oferta\/wylewka-wodospadowa-60-cm\/#breadcrumb\",\"itemListElement\":[{\"@type\":\"ListItem\",\"position\":1,\"item\":{\"@type\":\"WebPage\",\"@id\":\"https:\/\/trimet.pl\/\",\"url\":\"https:\/\/trimet.pl\/\",\"name\":\"Strona g\\u0142\\u00f3wna\"}},{\"@type\":\"ListItem\",\"position\":2,\"item\":{\"@type\":\"WebPage\",\"@id\":\"https:\/\/trimet.pl\/oferta\/\",\"url\":\"https:\/\/trimet.pl\/oferta\/\",\"name\":\"Oferta\"}},{\"@type\":\"ListItem\",\"position\":3,\"item\":{\"@type\":\"WebPage\",\"@id\":\"https:\/\/trimet.pl\/oferta\/wylewka-wodospadowa-60-cm\/\",\"url\":\"https:\/\/trimet.pl\/oferta\/wylewka-wodospadowa-60-cm\/\",\"name\":\"Wylewka wodospadowa (60 cm)\"}}]}]}<\/script>\n<!-- \/ Yoast SEO plugin. -->","_links":{"self":[{"href":"https:\/\/trimet.pl\/en\/wp-json\/wp\/v2\/pages\/1607"}],"collection":[{"href":"https:\/\/trimet.pl\/en\/wp-json\/wp\/v2\/pages"}],"about":[{"href":"https:\/\/trimet.pl\/en\/wp-json\/wp\/v2\/types\/page"}],"author":[{"embeddable":true,"href":"https:\/\/trimet.pl\/en\/wp-json\/wp\/v2\/users\/2"}],"replies":[{"embeddable":true,"href":"https:\/\/trimet.pl\/en\/wp-json\/wp\/v2\/comments?post=1607"}],"version-history":[{"count":7,"href":"https:\/\/trimet.pl\/en\/wp-json\/wp\/v2\/pages\/1607\/revisions"}],"predecessor-version":[{"id":1618,"href":"https:\/\/trimet.pl\/en\/wp-json\/wp\/v2\/pages\/1607\/revisions\/1618"}],"up":[{"embeddable":true,"href":"https:\/\/trimet.pl\/en\/wp-json\/wp\/v2\/pages\/39"}],"wp:attachment":[{"href":"https:\/\/trimet.pl\/en\/wp-json\/wp\/v2\/media?parent=1607"}],"curies":[{"name":"wp","href":"https:\/\/api.w.org\/{rel}","templated":true}]}}