{"id":1599,"date":"2019-07-16T15:40:59","date_gmt":"2019-07-16T13:40:59","guid":{"rendered":"https:\/\/trimet.pl\/?page_id=1599"},"modified":"2019-07-16T15:48:55","modified_gmt":"2019-07-16T13:48:55","slug":"trejaz-ogrodowy","status":"publish","type":"page","link":"https:\/\/trimet.pl\/en\/trejaz-ogrodowy\/","title":{"rendered":"Treja\u017c ogrodowy"},"content":{"rendered":"<div data-elementor-type=\"wp-post\" data-elementor-id=\"1599\" class=\"elementor elementor-1599\" data-elementor-settings=\"[]\">\n\t\t\t\t\t\t<div class=\"elementor-inner\">\n\t\t\t\t\t\t\t<div class=\"elementor-section-wrap\">\n\t\t\t\t\t\t\t<section class=\"elementor-section elementor-top-section elementor-element elementor-element-72ddf5b elementor-section-boxed elementor-section-height-default elementor-section-height-default\" data-id=\"72ddf5b\" data-element_type=\"section\">\n\t\t\t\t\t\t<div class=\"elementor-container elementor-column-gap-wide\">\n\t\t\t\t\t\t\t<div class=\"elementor-row\">\n\t\t\t\t\t<div class=\"aux-parallax-section elementor-column elementor-col-100 elementor-top-column elementor-element elementor-element-7926793\" data-id=\"7926793\" data-element_type=\"column\">\n\t\t\t<div class=\"elementor-column-wrap elementor-element-populated\">\n\t\t\t\t\t\t\t<div class=\"elementor-widget-wrap\">\n\t\t\t\t\t\t<div class=\"elementor-element elementor-element-9b2e3d2 elementor-widget elementor-widget-heading\" data-id=\"9b2e3d2\" data-element_type=\"widget\" data-widget_type=\"heading.default\">\n\t\t\t\t<div class=\"elementor-widget-container\">\n\t\t\t<h2 class=\"elementor-heading-title elementor-size-default\">Do ogrodu<\/h2>\t\t<\/div>\n\t\t\t\t<\/div>\n\t\t\t\t<div class=\"elementor-element elementor-element-7cc5c13 elementor-widget elementor-widget-heading\" data-id=\"7cc5c13\" data-element_type=\"widget\" data-widget_type=\"heading.default\">\n\t\t\t\t<div class=\"elementor-widget-container\">\n\t\t\t<h1 class=\"elementor-heading-title elementor-size-default\">Treja\u017c ogrodowy<\/h1>\t\t<\/div>\n\t\t\t\t<\/div>\n\t\t\t\t<div class=\"elementor-element elementor-element-f0464a2 elementor-widget-divider--view-line elementor-widget elementor-widget-divider\" data-id=\"f0464a2\" data-element_type=\"widget\" data-widget_type=\"divider.default\">\n\t\t\t\t<div class=\"elementor-widget-container\">\n\t\t\t\t\t<div class=\"elementor-divider\">\n\t\t\t<span class=\"elementor-divider-separator\">\n\t\t\t\t\t\t<\/span>\n\t\t<\/div>\n\t\t\t\t<\/div>\n\t\t\t\t<\/div>\n\t\t\t\t<div class=\"elementor-element elementor-element-90bb2e3 elementor-widget elementor-widget-heading\" data-id=\"90bb2e3\" data-element_type=\"widget\" data-widget_type=\"heading.default\">\n\t\t\t\t<div class=\"elementor-widget-container\">\n\t\t\t<h2 class=\"elementor-heading-title elementor-size-default\">Treja\u017c stanowi stabiln\u0105 podpor\u0119 dla ro\u015blin pn\u0105cych. Dzi\u0119ki swojej lekkiej, a przy tym sztywnej konstrukcji, zapewnia wygod\u0119 w u\u017cytkowaniu. Zadbali\u015bmy r\u00f3wnie\u017c o smuk\u0142y i elegancki kszta\u0142t, kt\u00f3ry pi\u0119knie prezentuje si\u0119 zar\u00f3wno przy ma\u0142ych jak i okaza\u0142ych ro\u015blinach.\n\nKonstrukcja wykonana jest z drutu stalowego ocynkowanego ogniwo. Dzi\u0119ki temu zapewnia ochron\u0119 przed korozj\u0105. Ocynk dodatkowo jest \u0142atwy w czyszczeniu, a ca\u0142y treja\u017c bardzo trwa\u0142y.<\/h2>\t\t<\/div>\n\t\t\t\t<\/div>\n\t\t\t\t<section class=\"elementor-section elementor-inner-section elementor-element elementor-element-5714846 elementor-section-boxed elementor-section-height-default elementor-section-height-default\" data-id=\"5714846\" data-element_type=\"section\">\n\t\t\t\t\t\t<div class=\"elementor-container elementor-column-gap-default\">\n\t\t\t\t\t\t\t<div class=\"elementor-row\">\n\t\t\t\t\t<div class=\"aux-parallax-section elementor-column elementor-col-100 elementor-inner-column elementor-element elementor-element-417f4f0\" data-id=\"417f4f0\" data-element_type=\"column\">\n\t\t\t<div class=\"elementor-column-wrap elementor-element-populated\">\n\t\t\t\t\t\t\t<div class=\"elementor-widget-wrap\">\n\t\t\t\t\t\t<div class=\"elementor-element elementor-element-61d32ee elementor-widget elementor-widget-bdt-table\" data-id=\"61d32ee\" data-element_type=\"widget\" data-widget_type=\"bdt-table.default\">\n\t\t\t\t<div class=\"elementor-widget-container\">\n\t\t\t          <div class=\"bdt-table bdt-table-default-responsive bdt-stripe bdt-data-table\" id=\"bdt-table-61d32ee\" data-settings=\"{&quot;paging&quot;:false,&quot;info&quot;:false,&quot;searching&quot;:false,&quot;ordering&quot;:false}\">\n              \n              \n              <table class=\"table table-bordered table-hover table-condensed\">\n<thead><tr>\n<th title=\"Field #3\" colspan=\"2\">Specifications<\/th>\n<\/tr><\/thead>\n<tbody><tr>\n<td>Height<\/td>\n<td>190 cm<\/td>\n\n<\/tr>\n<tr>\n<td>Width<\/td>\n<td>55 cm<\/td>\n\n<\/tr>\n<tr>\n<td>\u015arednica drutu<\/td>\n<td>4 mm<\/td>\n\n<\/tr>\n<tr>\n<td>Waga<\/td>\n<td>2,7 kg<\/td>\n\n<\/tr>\n<\/tbody><\/table>\n          <\/div>\n            \t\t<\/div>\n\t\t\t\t<\/div>\n\t\t\t\t\t\t<\/div>\n\t\t\t\t\t<\/div>\n\t\t<\/div>\n\t\t\t\t\t\t\t\t<\/div>\n\t\t\t\t\t<\/div>\n\t\t<\/section>\n\t\t\t\t\t\t<\/div>\n\t\t\t\t\t<\/div>\n\t\t<\/div>\n\t\t\t\t<div class=\"aux-parallax-section elementor-column elementor-col-100 elementor-top-column elementor-element elementor-element-6eb8477\" data-id=\"6eb8477\" data-element_type=\"column\">\n\t\t\t<div class=\"elementor-column-wrap elementor-element-populated\">\n\t\t\t\t\t\t\t<div class=\"elementor-widget-wrap\">\n\t\t\t\t\t\t<div class=\"elementor-element elementor-element-eee06d8 elementor-widget elementor-widget-image\" data-id=\"eee06d8\" data-element_type=\"widget\" data-widget_type=\"image.default\">\n\t\t\t\t<div class=\"elementor-widget-container\">\n\t\t\t\t\t<div class=\"elementor-image\">\n\t\t\t\t\t\t\t\t\t\t<img width=\"1932\" height=\"4032\" src=\"https:\/\/trimet.pl\/wp-content\/uploads\/2019\/07\/58376718_888033691539075_1164276298625843200_n-1.jpg\" class=\"attachment-full size-full\" alt=\"\" loading=\"lazy\" \/>\t\t\t\t\t\t\t\t\t\t\t<\/div>\n\t\t\t\t<\/div>\n\t\t\t\t<\/div>\n\t\t\t\t\t\t<\/div>\n\t\t\t\t\t<\/div>\n\t\t<\/div>\n\t\t\t\t\t\t\t\t<\/div>\n\t\t\t\t\t<\/div>\n\t\t<\/section>\n\t\t\t\t\t\t<\/div>\n\t\t\t\t\t\t<\/div>\n\t\t\t\t\t<\/div>","protected":false},"excerpt":{"rendered":"<p>Do ogrodu Treja\u017c ogrodowy Treja\u017c stanowi stabiln\u0105 podpor\u0119 dla ro\u015blin pn\u0105cych. Dzi\u0119ki swojej lekkiej, a przy tym sztywnej konstrukcji, zapewnia wygod\u0119 w u\u017cytkowaniu. Zadbali\u015bmy r\u00f3wnie\u017c o smuk\u0142y i elegancki kszta\u0142t, kt\u00f3ry pi\u0119knie prezentuje si\u0119 zar\u00f3wno przy ma\u0142ych jak i okaza\u0142ych ro\u015blinach. Konstrukcja wykonana jest z drutu stalowego ocynkowanego ogniwo. Dzi\u0119ki temu zapewnia ochron\u0119 przed korozj\u0105. [&hellip;]<\/p>","protected":false},"author":2,"featured_media":0,"parent":0,"menu_order":0,"comment_status":"closed","ping_status":"closed","template":"","meta":[],"yoast_head":"<!-- This site is optimized with the Yoast SEO plugin v15.7 - https:\/\/yoast.com\/wordpress\/plugins\/seo\/ -->\n<title>Treja\u017c ogrodowy - Trimet \/ Waterjet<\/title>\n<meta name=\"robots\" content=\"index, follow, max-snippet:-1, max-image-preview:large, max-video-preview:-1\" \/>\n<link rel=\"canonical\" href=\"https:\/\/trimet.pl\/en\/trejaz-ogrodowy\/\" \/>\n<meta property=\"og:locale\" content=\"en_GB\" \/>\n<meta property=\"og:type\" content=\"article\" \/>\n<meta property=\"og:title\" content=\"Treja\u017c ogrodowy - Trimet \/ Waterjet\" \/>\n<meta property=\"og:description\" content=\"Do ogrodu Treja\u017c ogrodowy Treja\u017c stanowi stabiln\u0105 podpor\u0119 dla ro\u015blin pn\u0105cych. Dzi\u0119ki swojej lekkiej, a przy tym sztywnej konstrukcji, zapewnia wygod\u0119 w u\u017cytkowaniu. Zadbali\u015bmy r\u00f3wnie\u017c o smuk\u0142y i elegancki kszta\u0142t, kt\u00f3ry pi\u0119knie prezentuje si\u0119 zar\u00f3wno przy ma\u0142ych jak i okaza\u0142ych ro\u015blinach. Konstrukcja wykonana jest z drutu stalowego ocynkowanego ogniwo. Dzi\u0119ki temu zapewnia ochron\u0119 przed korozj\u0105. [&hellip;]\" \/>\n<meta property=\"og:url\" content=\"https:\/\/trimet.pl\/en\/trejaz-ogrodowy\/\" \/>\n<meta property=\"og:site_name\" content=\"Trimet \/ Waterjet\" \/>\n<meta property=\"article:modified_time\" content=\"2019-07-16T13:48:55+00:00\" \/>\n<meta property=\"og:image\" content=\"https:\/\/trimet.pl\/wp-content\/uploads\/2019\/07\/58376718_888033691539075_1164276298625843200_n-1.jpg\" \/>\n<meta name=\"twitter:card\" content=\"summary_large_image\" \/>\n<script type=\"application\/ld+json\" class=\"yoast-schema-graph\">{\"@context\":\"https:\/\/schema.org\",\"@graph\":[{\"@type\":\"WebSite\",\"@id\":\"https:\/\/trimet.pl\/#website\",\"url\":\"https:\/\/trimet.pl\/\",\"name\":\"Trimet \/ Waterjet\",\"description\":\"- ci\\u0119cie wod\\u0105, osprz\\u0119t \\u017ceglarski, gabiony, siatki zgrzewane \/ Radom\",\"potentialAction\":[{\"@type\":\"SearchAction\",\"target\":\"https:\/\/trimet.pl\/?s={search_term_string}\",\"query-input\":\"required name=search_term_string\"}],\"inLanguage\":\"en-GB\"},{\"@type\":\"ImageObject\",\"@id\":\"https:\/\/trimet.pl\/trejaz-ogrodowy\/#primaryimage\",\"inLanguage\":\"en-GB\",\"url\":\"https:\/\/trimet.pl\/wp-content\/uploads\/2019\/07\/58376718_888033691539075_1164276298625843200_n-1.jpg\",\"width\":1932,\"height\":4032},{\"@type\":\"WebPage\",\"@id\":\"https:\/\/trimet.pl\/trejaz-ogrodowy\/#webpage\",\"url\":\"https:\/\/trimet.pl\/trejaz-ogrodowy\/\",\"name\":\"Treja\\u017c ogrodowy - Trimet \/ Waterjet\",\"isPartOf\":{\"@id\":\"https:\/\/trimet.pl\/#website\"},\"primaryImageOfPage\":{\"@id\":\"https:\/\/trimet.pl\/trejaz-ogrodowy\/#primaryimage\"},\"datePublished\":\"2019-07-16T13:40:59+00:00\",\"dateModified\":\"2019-07-16T13:48:55+00:00\",\"breadcrumb\":{\"@id\":\"https:\/\/trimet.pl\/trejaz-ogrodowy\/#breadcrumb\"},\"inLanguage\":\"en-GB\",\"potentialAction\":[{\"@type\":\"ReadAction\",\"target\":[\"https:\/\/trimet.pl\/trejaz-ogrodowy\/\"]}]},{\"@type\":\"BreadcrumbList\",\"@id\":\"https:\/\/trimet.pl\/trejaz-ogrodowy\/#breadcrumb\",\"itemListElement\":[{\"@type\":\"ListItem\",\"position\":1,\"item\":{\"@type\":\"WebPage\",\"@id\":\"https:\/\/trimet.pl\/\",\"url\":\"https:\/\/trimet.pl\/\",\"name\":\"Strona g\\u0142\\u00f3wna\"}},{\"@type\":\"ListItem\",\"position\":2,\"item\":{\"@type\":\"WebPage\",\"@id\":\"https:\/\/trimet.pl\/trejaz-ogrodowy\/\",\"url\":\"https:\/\/trimet.pl\/trejaz-ogrodowy\/\",\"name\":\"Treja\\u017c ogrodowy\"}}]}]}<\/script>\n<!-- \/ Yoast SEO plugin. -->","_links":{"self":[{"href":"https:\/\/trimet.pl\/en\/wp-json\/wp\/v2\/pages\/1599"}],"collection":[{"href":"https:\/\/trimet.pl\/en\/wp-json\/wp\/v2\/pages"}],"about":[{"href":"https:\/\/trimet.pl\/en\/wp-json\/wp\/v2\/types\/page"}],"author":[{"embeddable":true,"href":"https:\/\/trimet.pl\/en\/wp-json\/wp\/v2\/users\/2"}],"replies":[{"embeddable":true,"href":"https:\/\/trimet.pl\/en\/wp-json\/wp\/v2\/comments?post=1599"}],"version-history":[{"count":3,"href":"https:\/\/trimet.pl\/en\/wp-json\/wp\/v2\/pages\/1599\/revisions"}],"predecessor-version":[{"id":1605,"href":"https:\/\/trimet.pl\/en\/wp-json\/wp\/v2\/pages\/1599\/revisions\/1605"}],"wp:attachment":[{"href":"https:\/\/trimet.pl\/en\/wp-json\/wp\/v2\/media?parent=1599"}],"curies":[{"name":"wp","href":"https:\/\/api.w.org\/{rel}","templated":true}]}}